{"id":1592,"date":"2020-03-24T12:34:44","date_gmt":"2020-03-24T12:34:44","guid":{"rendered":"http:\/\/a83043-tmp.s746.upress.link\/fps-standard-parking\/"},"modified":"2020-08-26T20:52:22","modified_gmt":"2020-08-26T17:52:22","slug":"fps-standard","status":"publish","type":"page","link":"https:\/\/friendlyparking.co.il\/de\/fps-standard\/","title":{"rendered":"FPS Standard"},"content":{"rendered":"\t\t<div data-elementor-type=\"wp-page\" data-elementor-id=\"1592\" class=\"elementor elementor-1592 elementor-95\" data-elementor-post-type=\"page\">\n\t\t\t\t\t\t<section class=\"elementor-section elementor-top-section elementor-element elementor-element-5a3bed8 elementor-section-boxed elementor-section-height-default elementor-section-height-default\" data-id=\"5a3bed8\" data-element_type=\"section\" data-e-type=\"section\" data-settings=\"{&quot;background_background&quot;:&quot;classic&quot;}\">\n\t\t\t\t\t\t<div class=\"elementor-container elementor-column-gap-default\">\n\t\t\t\t\t<div class=\"elementor-column elementor-col-50 elementor-top-column elementor-element elementor-element-7da0a6a\" data-id=\"7da0a6a\" data-element_type=\"column\" data-e-type=\"column\">\n\t\t\t<div class=\"elementor-widget-wrap elementor-element-populated\">\n\t\t\t\t\t\t<div class=\"elementor-element elementor-element-bd81e63 elementor-widget elementor-widget-heading\" data-id=\"bd81e63\" data-element_type=\"widget\" data-e-type=\"widget\" data-widget_type=\"heading.default\">\n\t\t\t\t<div class=\"elementor-widget-container\">\n\t\t\t\t\t<h2 class=\"elementor-heading-title elementor-size-default\">FPS Standardl\u00f6sung<\/h2>\t\t\t\t<\/div>\n\t\t\t\t<\/div>\n\t\t\t\t<div class=\"elementor-element elementor-element-212bc35 narrow elementor-widget elementor-widget-text-editor\" data-id=\"212bc35\" data-element_type=\"widget\" data-e-type=\"widget\" data-widget_type=\"text-editor.default\">\n\t\t\t\t<div class=\"elementor-widget-container\">\n\t\t\t\t\t\t\t\t\t<p>Die automatische Parkl\u00f6sung von FPS ist ein palettenbasiertes, vertikales System f\u00fcr kleine bis mittelgro\u00dfe Bereiche und bietet einzigartige L\u00f6sungen f\u00fcr automatisches, unterirdisches Parken auf mehreren Ebenen. Das System verf\u00fcgt \u00fcber mehrere Konfigurationen (siehe die nachfolgenden Diagramme) und einzigartige Funktionen:<\/p><ul><li>Autos k\u00f6nnen auf einem Lift gedreht werden<\/li><li>Parkpl\u00e4tze sind nicht auf 90-Grad-Winkel beschr\u00e4nkt<\/li><li>Der Auto-Empfangsbereich kann in jedem Winkel gestaltet werden<\/li><li>Umfasst ein einzigartiges Lernmodul f\u00fcr Kundenprofile<\/li><li>Kann Parkpl\u00e4tze im Erdgeschoss integrieren<\/li><li>Kann halbautomatische, elektrische Ladevorg\u00e4nge einbinden<\/li><\/ul>\t\t\t\t\t\t\t\t<\/div>\n\t\t\t\t<\/div>\n\t\t\t\t<div class=\"elementor-element elementor-element-a76b069 elementor-widget elementor-widget-button\" data-id=\"a76b069\" data-element_type=\"widget\" data-e-type=\"widget\" data-widget_type=\"button.default\">\n\t\t\t\t<div class=\"elementor-widget-container\">\n\t\t\t\t\t\t\t\t\t<div class=\"elementor-button-wrapper\">\n\t\t\t\t\t<a class=\"elementor-button elementor-button-link elementor-size-md\" href=\"https:\/\/www.youtube.com\/watch?v=vCQ--Br6JLA\" data-fancybox=\"\">\n\t\t\t\t\t\t<span class=\"elementor-button-content-wrapper\">\n\t\t\t\t\t\t\t\t\t<span class=\"elementor-button-text\">Schau Video<\/span>\n\t\t\t\t\t<\/span>\n\t\t\t\t\t<\/a>\n\t\t\t\t<\/div>\n\t\t\t\t\t\t\t\t<\/div>\n\t\t\t\t<\/div>\n\t\t\t\t\t<\/div>\n\t\t<\/div>\n\t\t\t\t<div class=\"elementor-column elementor-col-50 elementor-top-column elementor-element elementor-element-77490af solution-slider-col\" data-id=\"77490af\" data-element_type=\"column\" data-e-type=\"column\">\n\t\t\t<div class=\"elementor-widget-wrap elementor-element-populated\">\n\t\t\t\t\t\t<div class=\"elementor-element elementor-element-c2b9633 elementor-skin-slideshow elementor-arrows-yes elementor-widget elementor-widget-media-carousel\" data-id=\"c2b9633\" data-element_type=\"widget\" data-e-type=\"widget\" data-settings=\"{&quot;skin&quot;:&quot;slideshow&quot;,&quot;effect&quot;:&quot;fade&quot;,&quot;slideshow_slides_per_view&quot;:&quot;3&quot;,&quot;slideshow_slides_per_view_tablet&quot;:&quot;3&quot;,&quot;slideshow_slides_per_view_mobile&quot;:&quot;3&quot;,&quot;centered_slides&quot;:&quot;yes&quot;,&quot;space_between&quot;:{&quot;unit&quot;:&quot;px&quot;,&quot;size&quot;:24,&quot;sizes&quot;:[]},&quot;show_arrows&quot;:&quot;yes&quot;,&quot;speed&quot;:500,&quot;loop&quot;:&quot;yes&quot;,&quot;space_between_tablet&quot;:{&quot;unit&quot;:&quot;px&quot;,&quot;size&quot;:10,&quot;sizes&quot;:[]},&quot;space_between_mobile&quot;:{&quot;unit&quot;:&quot;px&quot;,&quot;size&quot;:10,&quot;sizes&quot;:[]}}\" data-widget_type=\"media-carousel.default\">\n\t\t\t\t<div class=\"elementor-widget-container\">\n\t\t\t\t\t\t\t\t\t<div class=\"elementor-swiper\">\n\t\t\t\t\t<div class=\"elementor-main-swiper swiper\" role=\"region\" aria-roledescription=\"carousel\" aria-label=\"Slider\">\n\t\t\t\t<div class=\"swiper-wrapper\">\n\t\t\t\t\t\t\t\t\t\t\t<div class=\"swiper-slide\" role=\"group\" aria-roledescription=\"slide\">\n\t\t\t\t\t\t\t\t\t<div class=\"elementor-carousel-image\" role=\"img\" aria-label=\"Automatic parking \u05d7\u05e0\u05d9\u05d4 \u05d0\u05d5\u05d8\u05d5\u05de\u05d8\u05d9\u05ea\" style=\"background-image: url(&#039;https:\/\/friendlyparking.co.il\/wp-content\/uploads\/2020\/03\/Rectangle-49.png&#039;)\">\n\n\t\t\t\n\t\t\t\t\t<\/div>\n\t\t\t\t\t\t\t\t<\/div>\n\t\t\t\t\t\t\t\t\t\t\t<div class=\"swiper-slide\" role=\"group\" aria-roledescription=\"slide\">\n\t\t\t\t\t\t\t\t\t<div class=\"elementor-carousel-image\" role=\"img\" aria-label=\"\u05d7\u05e0\u05d9\u05d4 \u05d0\u05d5\u05d8\u05d5\u05de\u05d8\u05d9\u05ea Automatic parking\" style=\"background-image: url(&#039;https:\/\/friendlyparking.co.il\/wp-content\/uploads\/2020\/03\/Rectangle-54.png&#039;)\">\n\n\t\t\t\n\t\t\t\t\t<\/div>\n\t\t\t\t\t\t\t\t<\/div>\n\t\t\t\t\t\t\t\t\t<\/div>\n\t\t\t\t\t\t\t\t\t\t\t\t\t\t\t<div class=\"elementor-swiper-button elementor-swiper-button-prev\" role=\"button\" tabindex=\"0\" aria-label=\"Voriger\">\n\t\t\t\t\t\t\t<svg aria-hidden=\"true\" class=\"e-font-icon-svg e-eicon-chevron-left\" viewBox=\"0 0 1000 1000\" xmlns=\"http:\/\/www.w3.org\/2000\/svg\"><path d=\"M646 125C629 125 613 133 604 142L308 442C296 454 292 471 292 487 292 504 296 521 308 533L604 854C617 867 629 875 646 875 663 875 679 871 692 858 704 846 713 829 713 812 713 796 708 779 692 767L438 487 692 225C700 217 708 204 708 187 708 171 704 154 692 142 675 129 663 125 646 125Z\"><\/path><\/svg>\t\t\t\t\t\t<\/div>\n\t\t\t\t\t\t<div class=\"elementor-swiper-button elementor-swiper-button-next\" role=\"button\" tabindex=\"0\" aria-label=\"N\u00e4chster\">\n\t\t\t\t\t\t\t<svg aria-hidden=\"true\" class=\"e-font-icon-svg e-eicon-chevron-right\" viewBox=\"0 0 1000 1000\" xmlns=\"http:\/\/www.w3.org\/2000\/svg\"><path d=\"M696 533C708 521 713 504 713 487 713 471 708 454 696 446L400 146C388 133 375 125 354 125 338 125 325 129 313 142 300 154 292 171 292 187 292 204 296 221 308 233L563 492 304 771C292 783 288 800 288 817 288 833 296 850 308 863 321 871 338 875 354 875 371 875 388 867 400 854L696 533Z\"><\/path><\/svg>\t\t\t\t\t\t<\/div>\n\t\t\t\t\t\t\t\t\t\t\t\t\t\t\t\t\t<\/div>\n\t\t\t\t<\/div>\n\t\t\t\t\t\t\t\t<div class=\"elementor-swiper\">\n\t\t\t\t\t<div class=\"elementor-main-swiper swiper elementor-thumbnails-swiper swiper\" role=\"region region\" aria-roledescription=\"carousel carousel\" aria-label=\"Slider Slider\">\n\t\t\t\t<div class=\"swiper-wrapper\">\n\t\t\t\t\t\t\t\t\t\t\t<div class=\"swiper-slide\" role=\"group\" aria-roledescription=\"slide\">\n\t\t\t\t\t\t\t\t\t<div class=\"elementor-carousel-image\" role=\"img\" aria-label=\"Automatic parking \u05d7\u05e0\u05d9\u05d4 \u05d0\u05d5\u05d8\u05d5\u05de\u05d8\u05d9\u05ea\" style=\"background-image: url(&#039;https:\/\/friendlyparking.co.il\/wp-content\/uploads\/2020\/03\/Rectangle-49.png&#039;)\">\n\n\t\t\t\n\t\t\t\t\t<\/div>\n\t\t\t\t\t\t\t\t<\/div>\n\t\t\t\t\t\t\t\t\t\t\t<div class=\"swiper-slide\" role=\"group\" aria-roledescription=\"slide\">\n\t\t\t\t\t\t\t\t\t<div class=\"elementor-carousel-image\" role=\"img\" aria-label=\"\u05d7\u05e0\u05d9\u05d4 \u05d0\u05d5\u05d8\u05d5\u05de\u05d8\u05d9\u05ea Automatic parking\" style=\"background-image: url(&#039;https:\/\/friendlyparking.co.il\/wp-content\/uploads\/2020\/03\/Rectangle-54.png&#039;)\">\n\n\t\t\t\n\t\t\t\t\t<\/div>\n\t\t\t\t\t\t\t\t<\/div>\n\t\t\t\t\t\t\t\t\t<\/div>\n\t\t\t\t\t\t\t\t\t\t\t\t\t\t\t\t\t\t\t\t\t<\/div>\n\t\t\t\t<\/div>\n\t\t\t\t\t\t\t\t<\/div>\n\t\t\t\t<\/div>\n\t\t\t\t<div class=\"elementor-element elementor-element-98da0f9 elementor-widget elementor-widget-image\" data-id=\"98da0f9\" data-element_type=\"widget\" data-e-type=\"widget\" data-widget_type=\"image.default\">\n\t\t\t\t<div class=\"elementor-widget-container\">\n\t\t\t\t\t\t\t\t\t\t\t\t\t\t\t\t<a href=\"https:\/\/friendlyparking.co.il\/wp-content\/uploads\/2020\/05\/FPS_StandardParking_Brochure.pdf\">\n\t\t\t\t\t\t\t<img decoding=\"async\" width=\"174\" height=\"33\" src=\"https:\/\/friendlyparking.co.il\/wp-content\/uploads\/2020\/03\/Download-PDF.png\" class=\"attachment-large size-large wp-image-1593\" alt=\"\" \/>\t\t\t\t\t\t\t\t<\/a>\n\t\t\t\t\t\t\t\t\t\t\t\t\t\t\t<\/div>\n\t\t\t\t<\/div>\n\t\t\t\t\t<\/div>\n\t\t<\/div>\n\t\t\t\t\t<\/div>\n\t\t<\/section>\n\t\t\t\t<section class=\"elementor-section elementor-top-section elementor-element elementor-element-846868d solution-projects elementor-section-boxed elementor-section-height-default elementor-section-height-default\" data-id=\"846868d\" data-element_type=\"section\" data-e-type=\"section\">\n\t\t\t\t\t\t<div class=\"elementor-container elementor-column-gap-default\">\n\t\t\t\t\t<div class=\"elementor-column elementor-col-100 elementor-top-column elementor-element elementor-element-e6a7d1a\" data-id=\"e6a7d1a\" data-element_type=\"column\" data-e-type=\"column\">\n\t\t\t<div class=\"elementor-widget-wrap elementor-element-populated\">\n\t\t\t\t\t\t<div class=\"elementor-element elementor-element-bd9d6db elementor-widget elementor-widget-heading\" data-id=\"bd9d6db\" data-element_type=\"widget\" data-e-type=\"widget\" data-widget_type=\"heading.default\">\n\t\t\t\t<div class=\"elementor-widget-container\">\n\t\t\t\t\t<h2 class=\"elementor-heading-title elementor-size-default\">Projekts<\/h2>\t\t\t\t<\/div>\n\t\t\t\t<\/div>\n\t\t\t\t\t<\/div>\n\t\t<\/div>\n\t\t\t\t\t<\/div>\n\t\t<\/section>\n\t\t\t\t<\/div>\n\t\t","protected":false},"excerpt":{"rendered":"<p>FPS Standardl\u00f6sung Die automatische Parkl\u00f6sung von FPS ist ein palettenbasiertes, vertikales System f\u00fcr kleine bis mittelgro\u00dfe Bereiche und bietet einzigartige L\u00f6sungen f\u00fcr automatisches, unterirdisches Parken auf mehreren Ebenen. Das System verf\u00fcgt \u00fcber mehrere Konfigurationen (siehe die nachfolgenden Diagramme) und einzigartige Funktionen: Autos k\u00f6nnen auf einem Lift gedreht werden Parkpl\u00e4tze sind nicht auf 90-Grad-Winkel beschr\u00e4nkt Der [&hellip;]<\/p>\n","protected":false},"author":2,"featured_media":0,"parent":0,"menu_order":0,"comment_status":"closed","ping_status":"closed","template":"elementor_header_footer","meta":{"_acf_changed":false,"footnotes":""},"class_list":["post-1592","page","type-page","status-publish","hentry","entry"],"acf":[],"yoast_head":"<!-- This site is optimized with the Yoast SEO plugin v27.5 - https:\/\/yoast.com\/product\/yoast-seo-wordpress\/ -->\n<title>FPS Standard - Friendly Parking<\/title>\n<meta name=\"robots\" content=\"index, follow, max-snippet:-1, max-image-preview:large, max-video-preview:-1\" \/>\n<link rel=\"canonical\" href=\"https:\/\/friendlyparking.co.il\/\u05d7\u05e0\u05d9\u05d4-\u05d0\u05d5\u05d8\u05d5\u05de\u05d8\u05d9\u05ea\/\" \/>\n<meta property=\"og:locale\" content=\"de_DE\" \/>\n<meta property=\"og:type\" content=\"article\" \/>\n<meta property=\"og:title\" content=\"FPS Standard - Friendly Parking\" \/>\n<meta property=\"og:description\" content=\"FPS Standardl\u00f6sung Die automatische Parkl\u00f6sung von FPS ist ein palettenbasiertes, vertikales System f\u00fcr kleine bis mittelgro\u00dfe Bereiche und bietet einzigartige L\u00f6sungen f\u00fcr automatisches, unterirdisches Parken auf mehreren Ebenen. Das System verf\u00fcgt \u00fcber mehrere Konfigurationen (siehe die nachfolgenden Diagramme) und einzigartige Funktionen: Autos k\u00f6nnen auf einem Lift gedreht werden Parkpl\u00e4tze sind nicht auf 90-Grad-Winkel beschr\u00e4nkt Der [&hellip;]\" \/>\n<meta property=\"og:url\" content=\"https:\/\/friendlyparking.co.il\/\u05d7\u05e0\u05d9\u05d4-\u05d0\u05d5\u05d8\u05d5\u05de\u05d8\u05d9\u05ea\/\" \/>\n<meta property=\"og:site_name\" content=\"Friendly Parking\" \/>\n<meta property=\"article:modified_time\" content=\"2020-08-26T17:52:22+00:00\" \/>\n<meta property=\"og:image\" content=\"https:\/\/friendlyparking.co.il\/wp-content\/uploads\/2020\/03\/Download-PDF.png\" \/>\n<meta name=\"twitter:card\" content=\"summary_large_image\" \/>\n<meta name=\"twitter:label1\" content=\"Gesch\u00e4tzte Lesezeit\" \/>\n\t<meta name=\"twitter:data1\" content=\"1\u00a0Minute\" \/>\n<script type=\"application\/ld+json\" class=\"yoast-schema-graph\">{\"@context\":\"https:\\\/\\\/schema.org\",\"@graph\":[{\"@type\":\"WebPage\",\"@id\":\"https:\\\/\\\/friendlyparking.co.il\\\/%d7%97%d7%a0%d7%99%d7%94-%d7%90%d7%95%d7%98%d7%95%d7%9e%d7%98%d7%99%d7%aa\\\/\",\"url\":\"https:\\\/\\\/friendlyparking.co.il\\\/%d7%97%d7%a0%d7%99%d7%94-%d7%90%d7%95%d7%98%d7%95%d7%9e%d7%98%d7%99%d7%aa\\\/\",\"name\":\"FPS Standard - Friendly Parking\",\"isPartOf\":{\"@id\":\"https:\\\/\\\/friendlyparking.co.il\\\/#website\"},\"primaryImageOfPage\":{\"@id\":\"https:\\\/\\\/friendlyparking.co.il\\\/%d7%97%d7%a0%d7%99%d7%94-%d7%90%d7%95%d7%98%d7%95%d7%9e%d7%98%d7%99%d7%aa\\\/#primaryimage\"},\"image\":{\"@id\":\"https:\\\/\\\/friendlyparking.co.il\\\/%d7%97%d7%a0%d7%99%d7%94-%d7%90%d7%95%d7%98%d7%95%d7%9e%d7%98%d7%99%d7%aa\\\/#primaryimage\"},\"thumbnailUrl\":\"https:\\\/\\\/friendlyparking.co.il\\\/wp-content\\\/uploads\\\/2020\\\/03\\\/Download-PDF.png\",\"datePublished\":\"2020-03-24T12:34:44+00:00\",\"dateModified\":\"2020-08-26T17:52:22+00:00\",\"breadcrumb\":{\"@id\":\"https:\\\/\\\/friendlyparking.co.il\\\/%d7%97%d7%a0%d7%99%d7%94-%d7%90%d7%95%d7%98%d7%95%d7%9e%d7%98%d7%99%d7%aa\\\/#breadcrumb\"},\"inLanguage\":\"de\",\"potentialAction\":[{\"@type\":\"ReadAction\",\"target\":[\"https:\\\/\\\/friendlyparking.co.il\\\/%d7%97%d7%a0%d7%99%d7%94-%d7%90%d7%95%d7%98%d7%95%d7%9e%d7%98%d7%99%d7%aa\\\/\"]}]},{\"@type\":\"ImageObject\",\"inLanguage\":\"de\",\"@id\":\"https:\\\/\\\/friendlyparking.co.il\\\/%d7%97%d7%a0%d7%99%d7%94-%d7%90%d7%95%d7%98%d7%95%d7%9e%d7%98%d7%99%d7%aa\\\/#primaryimage\",\"url\":\"https:\\\/\\\/friendlyparking.co.il\\\/wp-content\\\/uploads\\\/2020\\\/03\\\/Download-PDF.png\",\"contentUrl\":\"https:\\\/\\\/friendlyparking.co.il\\\/wp-content\\\/uploads\\\/2020\\\/03\\\/Download-PDF.png\"},{\"@type\":\"BreadcrumbList\",\"@id\":\"https:\\\/\\\/friendlyparking.co.il\\\/%d7%97%d7%a0%d7%99%d7%94-%d7%90%d7%95%d7%98%d7%95%d7%9e%d7%98%d7%99%d7%aa\\\/#breadcrumb\",\"itemListElement\":[{\"@type\":\"ListItem\",\"position\":1,\"name\":\"\u05d3\u05e3 \u05d4\u05d1\u05d9\u05ea\",\"item\":\"https:\\\/\\\/friendlyparking.co.il\\\/de\\\/\"},{\"@type\":\"ListItem\",\"position\":2,\"name\":\"FPS Standard\"}]},{\"@type\":\"WebSite\",\"@id\":\"https:\\\/\\\/friendlyparking.co.il\\\/#website\",\"url\":\"https:\\\/\\\/friendlyparking.co.il\\\/\",\"name\":\"Friendly Parking\",\"description\":\"Customized Automatic Parking\",\"publisher\":{\"@id\":\"https:\\\/\\\/friendlyparking.co.il\\\/#organization\"},\"potentialAction\":[{\"@type\":\"SearchAction\",\"target\":{\"@type\":\"EntryPoint\",\"urlTemplate\":\"https:\\\/\\\/friendlyparking.co.il\\\/?s={search_term_string}\"},\"query-input\":{\"@type\":\"PropertyValueSpecification\",\"valueRequired\":true,\"valueName\":\"search_term_string\"}}],\"inLanguage\":\"de\"},{\"@type\":\"Organization\",\"@id\":\"https:\\\/\\\/friendlyparking.co.il\\\/#organization\",\"name\":\"Friendly Parking\",\"url\":\"https:\\\/\\\/friendlyparking.co.il\\\/\",\"logo\":{\"@type\":\"ImageObject\",\"inLanguage\":\"de\",\"@id\":\"https:\\\/\\\/friendlyparking.co.il\\\/#\\\/schema\\\/logo\\\/image\\\/\",\"url\":\"https:\\\/\\\/friendlyparking.co.il\\\/wp-content\\\/uploads\\\/2022\\\/06\\\/Logo@2x.png\",\"contentUrl\":\"https:\\\/\\\/friendlyparking.co.il\\\/wp-content\\\/uploads\\\/2022\\\/06\\\/Logo@2x.png\",\"width\":355,\"height\":91,\"caption\":\"Friendly Parking\"},\"image\":{\"@id\":\"https:\\\/\\\/friendlyparking.co.il\\\/#\\\/schema\\\/logo\\\/image\\\/\"}}]}<\/script>\n<!-- \/ Yoast SEO plugin. -->","yoast_head_json":{"title":"FPS Standard - Friendly Parking","robots":{"index":"index","follow":"follow","max-snippet":"max-snippet:-1","max-image-preview":"max-image-preview:large","max-video-preview":"max-video-preview:-1"},"canonical":"https:\/\/friendlyparking.co.il\/\u05d7\u05e0\u05d9\u05d4-\u05d0\u05d5\u05d8\u05d5\u05de\u05d8\u05d9\u05ea\/","og_locale":"de_DE","og_type":"article","og_title":"FPS Standard - Friendly Parking","og_description":"FPS Standardl\u00f6sung Die automatische Parkl\u00f6sung von FPS ist ein palettenbasiertes, vertikales System f\u00fcr kleine bis mittelgro\u00dfe Bereiche und bietet einzigartige L\u00f6sungen f\u00fcr automatisches, unterirdisches Parken auf mehreren Ebenen. Das System verf\u00fcgt \u00fcber mehrere Konfigurationen (siehe die nachfolgenden Diagramme) und einzigartige Funktionen: Autos k\u00f6nnen auf einem Lift gedreht werden Parkpl\u00e4tze sind nicht auf 90-Grad-Winkel beschr\u00e4nkt Der [&hellip;]","og_url":"https:\/\/friendlyparking.co.il\/\u05d7\u05e0\u05d9\u05d4-\u05d0\u05d5\u05d8\u05d5\u05de\u05d8\u05d9\u05ea\/","og_site_name":"Friendly Parking","article_modified_time":"2020-08-26T17:52:22+00:00","og_image":[{"url":"https:\/\/friendlyparking.co.il\/wp-content\/uploads\/2020\/03\/Download-PDF.png","type":"","width":"","height":""}],"twitter_card":"summary_large_image","twitter_misc":{"Gesch\u00e4tzte Lesezeit":"1\u00a0Minute"},"schema":{"@context":"https:\/\/schema.org","@graph":[{"@type":"WebPage","@id":"https:\/\/friendlyparking.co.il\/%d7%97%d7%a0%d7%99%d7%94-%d7%90%d7%95%d7%98%d7%95%d7%9e%d7%98%d7%99%d7%aa\/","url":"https:\/\/friendlyparking.co.il\/%d7%97%d7%a0%d7%99%d7%94-%d7%90%d7%95%d7%98%d7%95%d7%9e%d7%98%d7%99%d7%aa\/","name":"FPS Standard - Friendly Parking","isPartOf":{"@id":"https:\/\/friendlyparking.co.il\/#website"},"primaryImageOfPage":{"@id":"https:\/\/friendlyparking.co.il\/%d7%97%d7%a0%d7%99%d7%94-%d7%90%d7%95%d7%98%d7%95%d7%9e%d7%98%d7%99%d7%aa\/#primaryimage"},"image":{"@id":"https:\/\/friendlyparking.co.il\/%d7%97%d7%a0%d7%99%d7%94-%d7%90%d7%95%d7%98%d7%95%d7%9e%d7%98%d7%99%d7%aa\/#primaryimage"},"thumbnailUrl":"https:\/\/friendlyparking.co.il\/wp-content\/uploads\/2020\/03\/Download-PDF.png","datePublished":"2020-03-24T12:34:44+00:00","dateModified":"2020-08-26T17:52:22+00:00","breadcrumb":{"@id":"https:\/\/friendlyparking.co.il\/%d7%97%d7%a0%d7%99%d7%94-%d7%90%d7%95%d7%98%d7%95%d7%9e%d7%98%d7%99%d7%aa\/#breadcrumb"},"inLanguage":"de","potentialAction":[{"@type":"ReadAction","target":["https:\/\/friendlyparking.co.il\/%d7%97%d7%a0%d7%99%d7%94-%d7%90%d7%95%d7%98%d7%95%d7%9e%d7%98%d7%99%d7%aa\/"]}]},{"@type":"ImageObject","inLanguage":"de","@id":"https:\/\/friendlyparking.co.il\/%d7%97%d7%a0%d7%99%d7%94-%d7%90%d7%95%d7%98%d7%95%d7%9e%d7%98%d7%99%d7%aa\/#primaryimage","url":"https:\/\/friendlyparking.co.il\/wp-content\/uploads\/2020\/03\/Download-PDF.png","contentUrl":"https:\/\/friendlyparking.co.il\/wp-content\/uploads\/2020\/03\/Download-PDF.png"},{"@type":"BreadcrumbList","@id":"https:\/\/friendlyparking.co.il\/%d7%97%d7%a0%d7%99%d7%94-%d7%90%d7%95%d7%98%d7%95%d7%9e%d7%98%d7%99%d7%aa\/#breadcrumb","itemListElement":[{"@type":"ListItem","position":1,"name":"\u05d3\u05e3 \u05d4\u05d1\u05d9\u05ea","item":"https:\/\/friendlyparking.co.il\/de\/"},{"@type":"ListItem","position":2,"name":"FPS Standard"}]},{"@type":"WebSite","@id":"https:\/\/friendlyparking.co.il\/#website","url":"https:\/\/friendlyparking.co.il\/","name":"Friendly Parking","description":"Customized Automatic Parking","publisher":{"@id":"https:\/\/friendlyparking.co.il\/#organization"},"potentialAction":[{"@type":"SearchAction","target":{"@type":"EntryPoint","urlTemplate":"https:\/\/friendlyparking.co.il\/?s={search_term_string}"},"query-input":{"@type":"PropertyValueSpecification","valueRequired":true,"valueName":"search_term_string"}}],"inLanguage":"de"},{"@type":"Organization","@id":"https:\/\/friendlyparking.co.il\/#organization","name":"Friendly Parking","url":"https:\/\/friendlyparking.co.il\/","logo":{"@type":"ImageObject","inLanguage":"de","@id":"https:\/\/friendlyparking.co.il\/#\/schema\/logo\/image\/","url":"https:\/\/friendlyparking.co.il\/wp-content\/uploads\/2022\/06\/Logo@2x.png","contentUrl":"https:\/\/friendlyparking.co.il\/wp-content\/uploads\/2022\/06\/Logo@2x.png","width":355,"height":91,"caption":"Friendly Parking"},"image":{"@id":"https:\/\/friendlyparking.co.il\/#\/schema\/logo\/image\/"}}]}},"_links":{"self":[{"href":"https:\/\/friendlyparking.co.il\/de\/wp-json\/wp\/v2\/pages\/1592","targetHints":{"allow":["GET"]}}],"collection":[{"href":"https:\/\/friendlyparking.co.il\/de\/wp-json\/wp\/v2\/pages"}],"about":[{"href":"https:\/\/friendlyparking.co.il\/de\/wp-json\/wp\/v2\/types\/page"}],"author":[{"embeddable":true,"href":"https:\/\/friendlyparking.co.il\/de\/wp-json\/wp\/v2\/users\/2"}],"replies":[{"embeddable":true,"href":"https:\/\/friendlyparking.co.il\/de\/wp-json\/wp\/v2\/comments?post=1592"}],"version-history":[{"count":0,"href":"https:\/\/friendlyparking.co.il\/de\/wp-json\/wp\/v2\/pages\/1592\/revisions"}],"wp:attachment":[{"href":"https:\/\/friendlyparking.co.il\/de\/wp-json\/wp\/v2\/media?parent=1592"}],"curies":[{"name":"wp","href":"https:\/\/api.w.org\/{rel}","templated":true}]}}