{"id":1685,"date":"2020-03-24T12:12:31","date_gmt":"2020-03-24T12:12:31","guid":{"rendered":"http:\/\/a83043-tmp.s746.upress.link\/solutions\/"},"modified":"2020-05-20T14:07:44","modified_gmt":"2020-05-20T14:07:44","slug":"loesungen","status":"publish","type":"page","link":"https:\/\/friendlyparking.co.il\/de\/loesungen\/","title":{"rendered":"L\u00f6sungen"},"content":{"rendered":"\t\t<div data-elementor-type=\"wp-page\" data-elementor-id=\"1685\" class=\"elementor elementor-1685 elementor-84\" data-elementor-post-type=\"page\">\n\t\t\t\t\t\t<section class=\"elementor-section elementor-top-section elementor-element elementor-element-6689099 elementor-section-full_width elementor-section-height-default elementor-section-height-default\" data-id=\"6689099\" data-element_type=\"section\" data-e-type=\"section\">\n\t\t\t\t\t\t<div class=\"elementor-container elementor-column-gap-default\">\n\t\t\t\t\t<div class=\"elementor-column elementor-col-100 elementor-top-column elementor-element elementor-element-f25a031\" data-id=\"f25a031\" data-element_type=\"column\" data-e-type=\"column\">\n\t\t\t<div class=\"elementor-widget-wrap elementor-element-populated\">\n\t\t\t\t\t\t<div class=\"elementor-element elementor-element-37f2554 tb-image elementor-widget elementor-widget-image\" data-id=\"37f2554\" data-element_type=\"widget\" data-e-type=\"widget\" data-widget_type=\"image.default\">\n\t\t\t\t<div class=\"elementor-widget-container\">\n\t\t\t\t\t\t\t\t\t\t\t\t\t\t\t<img fetchpriority=\"high\" decoding=\"async\" width=\"1600\" height=\"1200\" src=\"https:\/\/friendlyparking.co.il\/wp-content\/uploads\/2020\/04\/solutions.png\" class=\"attachment-full size-full wp-image-1690\" alt=\"\u05d4\u05d9\u05ea\u05e8\u05d5\u05e0\u05d5\u05ea \u05e9\u05dc \u05d7\u05e0\u05d9\u05d5\u05e0\u05d9\u05dd \u05d0\u05d5\u05d8\u05d5\u05de\u05d8\u05d9\u05d9\u05dd\" srcset=\"https:\/\/friendlyparking.co.il\/wp-content\/uploads\/2020\/04\/solutions.png 1600w, https:\/\/friendlyparking.co.il\/wp-content\/uploads\/2020\/04\/solutions-300x225.png 300w, https:\/\/friendlyparking.co.il\/wp-content\/uploads\/2020\/04\/solutions-1024x768.png 1024w, https:\/\/friendlyparking.co.il\/wp-content\/uploads\/2020\/04\/solutions-768x576.png 768w, https:\/\/friendlyparking.co.il\/wp-content\/uploads\/2020\/04\/solutions-1536x1152.png 1536w\" sizes=\"(max-width: 1600px) 100vw, 1600px\" \/>\t\t\t\t\t\t\t\t\t\t\t\t\t\t\t<\/div>\n\t\t\t\t<\/div>\n\t\t\t\t\t<\/div>\n\t\t<\/div>\n\t\t\t\t\t<\/div>\n\t\t<\/section>\n\t\t\t\t<section class=\"elementor-section elementor-top-section elementor-element elementor-element-0b07b78 elementor-section-boxed elementor-section-height-default elementor-section-height-default\" data-id=\"0b07b78\" data-element_type=\"section\" data-e-type=\"section\">\n\t\t\t\t\t\t<div class=\"elementor-container elementor-column-gap-default\">\n\t\t\t\t\t<div class=\"elementor-column elementor-col-33 elementor-top-column elementor-element elementor-element-85ac7fe\" data-id=\"85ac7fe\" data-element_type=\"column\" data-e-type=\"column\">\n\t\t\t<div class=\"elementor-widget-wrap elementor-element-populated\">\n\t\t\t\t\t\t<div class=\"elementor-element elementor-element-61f9f13 elementor-widget elementor-widget-heading\" data-id=\"61f9f13\" data-element_type=\"widget\" data-e-type=\"widget\" data-widget_type=\"heading.default\">\n\t\t\t\t<div class=\"elementor-widget-container\">\n\t\t\t\t\t<h2 class=\"elementor-heading-title elementor-size-default\">Solutions<\/h2>\t\t\t\t<\/div>\n\t\t\t\t<\/div>\n\t\t\t\t\t<\/div>\n\t\t<\/div>\n\t\t\t\t<div class=\"elementor-column elementor-col-66 elementor-top-column elementor-element elementor-element-78fb247\" data-id=\"78fb247\" data-element_type=\"column\" data-e-type=\"column\">\n\t\t\t<div class=\"elementor-widget-wrap elementor-element-populated\">\n\t\t\t\t\t\t<div class=\"elementor-element elementor-element-84087ac elementor-widget elementor-widget-text-editor\" data-id=\"84087ac\" data-element_type=\"widget\" data-e-type=\"widget\" data-widget_type=\"text-editor.default\">\n\t\t\t\t<div class=\"elementor-widget-container\">\n\t\t\t\t\t\t\t\t\t<p style=\"text-align: left;\">automatische Park-Plattformen, die L\u00f6sungen f\u00fcr die Herausforderungen begrenzter und komplexer Parkpl\u00e4tze bieten<\/p>\t\t\t\t\t\t\t\t<\/div>\n\t\t\t\t<\/div>\n\t\t\t\t\t<\/div>\n\t\t<\/div>\n\t\t\t\t\t<\/div>\n\t\t<\/section>\n\t\t\t\t<section class=\"elementor-section elementor-top-section elementor-element elementor-element-cef78e3 elementor-section-content-top elementor-section-boxed elementor-section-height-default elementor-section-height-default\" data-id=\"cef78e3\" data-element_type=\"section\" data-e-type=\"section\">\n\t\t\t\t\t\t<div class=\"elementor-container elementor-column-gap-default\">\n\t\t\t\t\t<div class=\"elementor-column elementor-col-33 elementor-top-column elementor-element elementor-element-60d0720\" data-id=\"60d0720\" data-element_type=\"column\" data-e-type=\"column\">\n\t\t\t<div class=\"elementor-widget-wrap\">\n\t\t\t\t\t\t\t<\/div>\n\t\t<\/div>\n\t\t\t\t<div class=\"elementor-column elementor-col-66 elementor-top-column elementor-element elementor-element-19310f8\" data-id=\"19310f8\" data-element_type=\"column\" data-e-type=\"column\">\n\t\t\t<div class=\"elementor-widget-wrap elementor-element-populated\">\n\t\t\t\t\t\t<section class=\"elementor-section elementor-inner-section elementor-element elementor-element-5b64c5e elementor-section-boxed elementor-section-height-default elementor-section-height-default\" data-id=\"5b64c5e\" data-element_type=\"section\" data-e-type=\"section\">\n\t\t\t\t\t\t<div class=\"elementor-container elementor-column-gap-default\">\n\t\t\t\t\t<div class=\"elementor-column elementor-col-50 elementor-inner-column elementor-element elementor-element-328c779\" data-id=\"328c779\" data-element_type=\"column\" data-e-type=\"column\">\n\t\t\t<div class=\"elementor-widget-wrap elementor-element-populated\">\n\t\t\t\t\t\t<div class=\"elementor-element elementor-element-54c68f7 solutions-image elementor-widget elementor-widget-image\" data-id=\"54c68f7\" data-element_type=\"widget\" data-e-type=\"widget\" data-widget_type=\"image.default\">\n\t\t\t\t<div class=\"elementor-widget-container\">\n\t\t\t\t\t\t\t\t\t\t\t\t\t\t\t<img decoding=\"async\" width=\"403\" height=\"285\" src=\"https:\/\/friendlyparking.co.il\/wp-content\/uploads\/2020\/03\/Rectangle-49.png\" class=\"attachment-large size-large wp-image-1688\" alt=\"Automatic parking \u05d7\u05e0\u05d9\u05d4 \u05d0\u05d5\u05d8\u05d5\u05de\u05d8\u05d9\u05ea\" srcset=\"https:\/\/friendlyparking.co.il\/wp-content\/uploads\/2020\/03\/Rectangle-49.png 403w, https:\/\/friendlyparking.co.il\/wp-content\/uploads\/2020\/03\/Rectangle-49-300x212.png 300w\" sizes=\"(max-width: 403px) 100vw, 403px\" \/>\t\t\t\t\t\t\t\t\t\t\t\t\t\t\t<\/div>\n\t\t\t\t<\/div>\n\t\t\t\t<div class=\"elementor-element elementor-element-b8a913b elementor-widget elementor-widget-heading\" data-id=\"b8a913b\" data-element_type=\"widget\" data-e-type=\"widget\" data-widget_type=\"heading.default\">\n\t\t\t\t<div class=\"elementor-widget-container\">\n\t\t\t\t\t<h2 class=\"elementor-heading-title elementor-size-default\">FPS Automatisches Parken<\/h2>\t\t\t\t<\/div>\n\t\t\t\t<\/div>\n\t\t\t\t<div class=\"elementor-element elementor-element-6002418 elementor-widget elementor-widget-text-editor\" data-id=\"6002418\" data-element_type=\"widget\" data-e-type=\"widget\" data-widget_type=\"text-editor.default\">\n\t\t\t\t<div class=\"elementor-widget-container\">\n\t\t\t\t\t\t\t\t\t<p style=\"text-align: center;\">Die automatische Parkl\u00f6sung von FPS ist ein palettenbasiertes, vertikales System f\u00fcr kleine bis mittelgro\u00dfe Bereiche<\/p>\t\t\t\t\t\t\t\t<\/div>\n\t\t\t\t<\/div>\n\t\t\t\t<div class=\"elementor-element elementor-element-7914d81 elementor-align-center elementor-widget elementor-widget-button\" data-id=\"7914d81\" data-element_type=\"widget\" data-e-type=\"widget\" data-widget_type=\"button.default\">\n\t\t\t\t<div class=\"elementor-widget-container\">\n\t\t\t\t\t\t\t\t\t<div class=\"elementor-button-wrapper\">\n\t\t\t\t\t<a class=\"elementor-button elementor-button-link elementor-size-sm\" href=\"https:\/\/friendlyparking.co.il\/fps-standard-parking\/?lang=de\">\n\t\t\t\t\t\t<span class=\"elementor-button-content-wrapper\">\n\t\t\t\t\t\t<span class=\"elementor-button-icon\">\n\t\t\t\t<svg aria-hidden=\"true\" class=\"e-font-icon-svg e-fas-angle-right\" viewBox=\"0 0 256 512\" xmlns=\"http:\/\/www.w3.org\/2000\/svg\"><path d=\"M224.3 273l-136 136c-9.4 9.4-24.6 9.4-33.9 0l-22.6-22.6c-9.4-9.4-9.4-24.6 0-33.9l96.4-96.4-96.4-96.4c-9.4-9.4-9.4-24.6 0-33.9L54.3 103c9.4-9.4 24.6-9.4 33.9 0l136 136c9.5 9.4 9.5 24.6.1 34z\"><\/path><\/svg>\t\t\t<\/span>\n\t\t\t\t\t\t\t\t\t<span class=\"elementor-button-text\">Weitere Informationen<\/span>\n\t\t\t\t\t<\/span>\n\t\t\t\t\t<\/a>\n\t\t\t\t<\/div>\n\t\t\t\t\t\t\t\t<\/div>\n\t\t\t\t<\/div>\n\t\t\t\t\t<\/div>\n\t\t<\/div>\n\t\t\t\t<div class=\"elementor-column elementor-col-50 elementor-inner-column elementor-element elementor-element-a375e69\" data-id=\"a375e69\" data-element_type=\"column\" data-e-type=\"column\">\n\t\t\t<div class=\"elementor-widget-wrap elementor-element-populated\">\n\t\t\t\t\t\t<div class=\"elementor-element elementor-element-a51b3eb solutions-image elementor-widget elementor-widget-image\" data-id=\"a51b3eb\" data-element_type=\"widget\" data-e-type=\"widget\" data-widget_type=\"image.default\">\n\t\t\t\t<div class=\"elementor-widget-container\">\n\t\t\t\t\t\t\t\t\t\t\t\t\t\t\t<img decoding=\"async\" width=\"452\" height=\"320\" src=\"https:\/\/friendlyparking.co.il\/wp-content\/uploads\/2020\/03\/Rectangle-54.png\" class=\"attachment-large size-large wp-image-1686\" alt=\"\u05d7\u05e0\u05d9\u05d4 \u05d0\u05d5\u05d8\u05d5\u05de\u05d8\u05d9\u05ea Automatic parking\" srcset=\"https:\/\/friendlyparking.co.il\/wp-content\/uploads\/2020\/03\/Rectangle-54.png 452w, https:\/\/friendlyparking.co.il\/wp-content\/uploads\/2020\/03\/Rectangle-54-300x212.png 300w\" sizes=\"(max-width: 452px) 100vw, 452px\" \/>\t\t\t\t\t\t\t\t\t\t\t\t\t\t\t<\/div>\n\t\t\t\t<\/div>\n\t\t\t\t<div class=\"elementor-element elementor-element-7986b4f elementor-widget elementor-widget-heading\" data-id=\"7986b4f\" data-element_type=\"widget\" data-e-type=\"widget\" data-widget_type=\"heading.default\">\n\t\t\t\t<div class=\"elementor-widget-container\">\n\t\t\t\t\t<h2 class=\"elementor-heading-title elementor-size-default\">FPS Roboter-Parken<\/h2>\t\t\t\t<\/div>\n\t\t\t\t<\/div>\n\t\t\t\t<div class=\"elementor-element elementor-element-712316b elementor-widget elementor-widget-text-editor\" data-id=\"712316b\" data-element_type=\"widget\" data-e-type=\"widget\" data-widget_type=\"text-editor.default\">\n\t\t\t\t<div class=\"elementor-widget-container\">\n\t\t\t\t\t\t\t\t\t<p style=\"text-align: center;\">Die Roboter-Parkl\u00f6sung von FPS basiert auf der Verwendung eines fahrerlosen Transportfahrzeugs (FTF), das Fahrzeuge bewegt<\/p>\t\t\t\t\t\t\t\t<\/div>\n\t\t\t\t<\/div>\n\t\t\t\t<div class=\"elementor-element elementor-element-da77690 elementor-align-center elementor-widget elementor-widget-button\" data-id=\"da77690\" data-element_type=\"widget\" data-e-type=\"widget\" data-widget_type=\"button.default\">\n\t\t\t\t<div class=\"elementor-widget-container\">\n\t\t\t\t\t\t\t\t\t<div class=\"elementor-button-wrapper\">\n\t\t\t\t\t<a class=\"elementor-button elementor-button-link elementor-size-sm\" href=\"https:\/\/friendlyparking.co.il\/fps-robotic-parking\/?lang=de\">\n\t\t\t\t\t\t<span class=\"elementor-button-content-wrapper\">\n\t\t\t\t\t\t<span class=\"elementor-button-icon\">\n\t\t\t\t<svg aria-hidden=\"true\" class=\"e-font-icon-svg e-fas-angle-right\" viewBox=\"0 0 256 512\" xmlns=\"http:\/\/www.w3.org\/2000\/svg\"><path d=\"M224.3 273l-136 136c-9.4 9.4-24.6 9.4-33.9 0l-22.6-22.6c-9.4-9.4-9.4-24.6 0-33.9l96.4-96.4-96.4-96.4c-9.4-9.4-9.4-24.6 0-33.9L54.3 103c9.4-9.4 24.6-9.4 33.9 0l136 136c9.5 9.4 9.5 24.6.1 34z\"><\/path><\/svg>\t\t\t<\/span>\n\t\t\t\t\t\t\t\t\t<span class=\"elementor-button-text\">Weitere Informationen<\/span>\n\t\t\t\t\t<\/span>\n\t\t\t\t\t<\/a>\n\t\t\t\t<\/div>\n\t\t\t\t\t\t\t\t<\/div>\n\t\t\t\t<\/div>\n\t\t\t\t\t<\/div>\n\t\t<\/div>\n\t\t\t\t\t<\/div>\n\t\t<\/section>\n\t\t\t\t\t<\/div>\n\t\t<\/div>\n\t\t\t\t\t<\/div>\n\t\t<\/section>\n\t\t\t\t<\/div>\n\t\t","protected":false},"excerpt":{"rendered":"<p>Solutions automatische Park-Plattformen, die L\u00f6sungen f\u00fcr die Herausforderungen begrenzter und komplexer Parkpl\u00e4tze bieten FPS Automatisches Parken Die automatische Parkl\u00f6sung von FPS ist ein palettenbasiertes, vertikales System f\u00fcr kleine bis mittelgro\u00dfe Bereiche Weitere Informationen FPS Roboter-Parken Die Roboter-Parkl\u00f6sung von FPS basiert auf der Verwendung eines fahrerlosen Transportfahrzeugs (FTF), das Fahrzeuge bewegt Weitere Informationen<\/p>\n","protected":false},"author":2,"featured_media":0,"parent":0,"menu_order":0,"comment_status":"closed","ping_status":"closed","template":"elementor_header_footer","meta":{"_acf_changed":false,"footnotes":""},"class_list":["post-1685","page","type-page","status-publish","hentry","entry"],"acf":[],"yoast_head":"<!-- This site is optimized with the Yoast SEO plugin v27.5 - https:\/\/yoast.com\/product\/yoast-seo-wordpress\/ -->\n<title>L\u00f6sungen - Friendly Parking<\/title>\n<meta name=\"robots\" content=\"index, follow, max-snippet:-1, max-image-preview:large, max-video-preview:-1\" \/>\n<link rel=\"canonical\" href=\"https:\/\/friendlyparking.co.il\/loesungen\/?lang=de\" \/>\n<meta property=\"og:locale\" content=\"de_DE\" \/>\n<meta property=\"og:type\" content=\"article\" \/>\n<meta property=\"og:title\" content=\"L\u00f6sungen - Friendly Parking\" \/>\n<meta property=\"og:description\" content=\"Solutions automatische Park-Plattformen, die L\u00f6sungen f\u00fcr die Herausforderungen begrenzter und komplexer Parkpl\u00e4tze bieten FPS Automatisches Parken Die automatische Parkl\u00f6sung von FPS ist ein palettenbasiertes, vertikales System f\u00fcr kleine bis mittelgro\u00dfe Bereiche Weitere Informationen FPS Roboter-Parken Die Roboter-Parkl\u00f6sung von FPS basiert auf der Verwendung eines fahrerlosen Transportfahrzeugs (FTF), das Fahrzeuge bewegt Weitere Informationen\" \/>\n<meta property=\"og:url\" content=\"https:\/\/friendlyparking.co.il\/loesungen\/?lang=de\" \/>\n<meta property=\"og:site_name\" content=\"Friendly Parking\" \/>\n<meta property=\"article:modified_time\" content=\"2020-05-20T14:07:44+00:00\" \/>\n<meta property=\"og:image\" content=\"https:\/\/friendlyparking.co.il\/wp-content\/uploads\/2020\/04\/solutions.png\" \/>\n<meta name=\"twitter:card\" content=\"summary_large_image\" \/>\n<script type=\"application\/ld+json\" class=\"yoast-schema-graph\">{\"@context\":\"https:\\\/\\\/schema.org\",\"@graph\":[{\"@type\":\"WebPage\",\"@id\":\"https:\\\/\\\/friendlyparking.co.il\\\/loesungen\\\/?lang=de\",\"url\":\"https:\\\/\\\/friendlyparking.co.il\\\/loesungen\\\/?lang=de\",\"name\":\"L\u00f6sungen - Friendly Parking\",\"isPartOf\":{\"@id\":\"https:\\\/\\\/friendlyparking.co.il\\\/#website\"},\"primaryImageOfPage\":{\"@id\":\"https:\\\/\\\/friendlyparking.co.il\\\/loesungen\\\/?lang=de#primaryimage\"},\"image\":{\"@id\":\"https:\\\/\\\/friendlyparking.co.il\\\/loesungen\\\/?lang=de#primaryimage\"},\"thumbnailUrl\":\"https:\\\/\\\/friendlyparking.co.il\\\/wp-content\\\/uploads\\\/2020\\\/04\\\/solutions.png\",\"datePublished\":\"2020-03-24T12:12:31+00:00\",\"dateModified\":\"2020-05-20T14:07:44+00:00\",\"breadcrumb\":{\"@id\":\"https:\\\/\\\/friendlyparking.co.il\\\/loesungen\\\/?lang=de#breadcrumb\"},\"inLanguage\":\"de\",\"potentialAction\":[{\"@type\":\"ReadAction\",\"target\":[\"https:\\\/\\\/friendlyparking.co.il\\\/loesungen\\\/?lang=de\"]}]},{\"@type\":\"ImageObject\",\"inLanguage\":\"de\",\"@id\":\"https:\\\/\\\/friendlyparking.co.il\\\/loesungen\\\/?lang=de#primaryimage\",\"url\":\"https:\\\/\\\/friendlyparking.co.il\\\/wp-content\\\/uploads\\\/2020\\\/04\\\/solutions.png\",\"contentUrl\":\"https:\\\/\\\/friendlyparking.co.il\\\/wp-content\\\/uploads\\\/2020\\\/04\\\/solutions.png\"},{\"@type\":\"BreadcrumbList\",\"@id\":\"https:\\\/\\\/friendlyparking.co.il\\\/loesungen\\\/?lang=de#breadcrumb\",\"itemListElement\":[{\"@type\":\"ListItem\",\"position\":1,\"name\":\"\u05d3\u05e3 \u05d4\u05d1\u05d9\u05ea\",\"item\":\"https:\\\/\\\/friendlyparking.co.il\\\/de\\\/\"},{\"@type\":\"ListItem\",\"position\":2,\"name\":\"L\u00f6sungen\"}]},{\"@type\":\"WebSite\",\"@id\":\"https:\\\/\\\/friendlyparking.co.il\\\/#website\",\"url\":\"https:\\\/\\\/friendlyparking.co.il\\\/\",\"name\":\"Friendly Parking\",\"description\":\"Customized Automatic Parking\",\"publisher\":{\"@id\":\"https:\\\/\\\/friendlyparking.co.il\\\/#organization\"},\"potentialAction\":[{\"@type\":\"SearchAction\",\"target\":{\"@type\":\"EntryPoint\",\"urlTemplate\":\"https:\\\/\\\/friendlyparking.co.il\\\/?s={search_term_string}\"},\"query-input\":{\"@type\":\"PropertyValueSpecification\",\"valueRequired\":true,\"valueName\":\"search_term_string\"}}],\"inLanguage\":\"de\"},{\"@type\":\"Organization\",\"@id\":\"https:\\\/\\\/friendlyparking.co.il\\\/#organization\",\"name\":\"Friendly Parking\",\"url\":\"https:\\\/\\\/friendlyparking.co.il\\\/\",\"logo\":{\"@type\":\"ImageObject\",\"inLanguage\":\"de\",\"@id\":\"https:\\\/\\\/friendlyparking.co.il\\\/#\\\/schema\\\/logo\\\/image\\\/\",\"url\":\"https:\\\/\\\/friendlyparking.co.il\\\/wp-content\\\/uploads\\\/2022\\\/06\\\/Logo@2x.png\",\"contentUrl\":\"https:\\\/\\\/friendlyparking.co.il\\\/wp-content\\\/uploads\\\/2022\\\/06\\\/Logo@2x.png\",\"width\":355,\"height\":91,\"caption\":\"Friendly Parking\"},\"image\":{\"@id\":\"https:\\\/\\\/friendlyparking.co.il\\\/#\\\/schema\\\/logo\\\/image\\\/\"}}]}<\/script>\n<!-- \/ Yoast SEO plugin. -->","yoast_head_json":{"title":"L\u00f6sungen - Friendly Parking","robots":{"index":"index","follow":"follow","max-snippet":"max-snippet:-1","max-image-preview":"max-image-preview:large","max-video-preview":"max-video-preview:-1"},"canonical":"https:\/\/friendlyparking.co.il\/loesungen\/?lang=de","og_locale":"de_DE","og_type":"article","og_title":"L\u00f6sungen - Friendly Parking","og_description":"Solutions automatische Park-Plattformen, die L\u00f6sungen f\u00fcr die Herausforderungen begrenzter und komplexer Parkpl\u00e4tze bieten FPS Automatisches Parken Die automatische Parkl\u00f6sung von FPS ist ein palettenbasiertes, vertikales System f\u00fcr kleine bis mittelgro\u00dfe Bereiche Weitere Informationen FPS Roboter-Parken Die Roboter-Parkl\u00f6sung von FPS basiert auf der Verwendung eines fahrerlosen Transportfahrzeugs (FTF), das Fahrzeuge bewegt Weitere Informationen","og_url":"https:\/\/friendlyparking.co.il\/loesungen\/?lang=de","og_site_name":"Friendly Parking","article_modified_time":"2020-05-20T14:07:44+00:00","og_image":[{"url":"https:\/\/friendlyparking.co.il\/wp-content\/uploads\/2020\/04\/solutions.png","type":"","width":"","height":""}],"twitter_card":"summary_large_image","schema":{"@context":"https:\/\/schema.org","@graph":[{"@type":"WebPage","@id":"https:\/\/friendlyparking.co.il\/loesungen\/?lang=de","url":"https:\/\/friendlyparking.co.il\/loesungen\/?lang=de","name":"L\u00f6sungen - Friendly Parking","isPartOf":{"@id":"https:\/\/friendlyparking.co.il\/#website"},"primaryImageOfPage":{"@id":"https:\/\/friendlyparking.co.il\/loesungen\/?lang=de#primaryimage"},"image":{"@id":"https:\/\/friendlyparking.co.il\/loesungen\/?lang=de#primaryimage"},"thumbnailUrl":"https:\/\/friendlyparking.co.il\/wp-content\/uploads\/2020\/04\/solutions.png","datePublished":"2020-03-24T12:12:31+00:00","dateModified":"2020-05-20T14:07:44+00:00","breadcrumb":{"@id":"https:\/\/friendlyparking.co.il\/loesungen\/?lang=de#breadcrumb"},"inLanguage":"de","potentialAction":[{"@type":"ReadAction","target":["https:\/\/friendlyparking.co.il\/loesungen\/?lang=de"]}]},{"@type":"ImageObject","inLanguage":"de","@id":"https:\/\/friendlyparking.co.il\/loesungen\/?lang=de#primaryimage","url":"https:\/\/friendlyparking.co.il\/wp-content\/uploads\/2020\/04\/solutions.png","contentUrl":"https:\/\/friendlyparking.co.il\/wp-content\/uploads\/2020\/04\/solutions.png"},{"@type":"BreadcrumbList","@id":"https:\/\/friendlyparking.co.il\/loesungen\/?lang=de#breadcrumb","itemListElement":[{"@type":"ListItem","position":1,"name":"\u05d3\u05e3 \u05d4\u05d1\u05d9\u05ea","item":"https:\/\/friendlyparking.co.il\/de\/"},{"@type":"ListItem","position":2,"name":"L\u00f6sungen"}]},{"@type":"WebSite","@id":"https:\/\/friendlyparking.co.il\/#website","url":"https:\/\/friendlyparking.co.il\/","name":"Friendly Parking","description":"Customized Automatic Parking","publisher":{"@id":"https:\/\/friendlyparking.co.il\/#organization"},"potentialAction":[{"@type":"SearchAction","target":{"@type":"EntryPoint","urlTemplate":"https:\/\/friendlyparking.co.il\/?s={search_term_string}"},"query-input":{"@type":"PropertyValueSpecification","valueRequired":true,"valueName":"search_term_string"}}],"inLanguage":"de"},{"@type":"Organization","@id":"https:\/\/friendlyparking.co.il\/#organization","name":"Friendly Parking","url":"https:\/\/friendlyparking.co.il\/","logo":{"@type":"ImageObject","inLanguage":"de","@id":"https:\/\/friendlyparking.co.il\/#\/schema\/logo\/image\/","url":"https:\/\/friendlyparking.co.il\/wp-content\/uploads\/2022\/06\/Logo@2x.png","contentUrl":"https:\/\/friendlyparking.co.il\/wp-content\/uploads\/2022\/06\/Logo@2x.png","width":355,"height":91,"caption":"Friendly Parking"},"image":{"@id":"https:\/\/friendlyparking.co.il\/#\/schema\/logo\/image\/"}}]}},"_links":{"self":[{"href":"https:\/\/friendlyparking.co.il\/de\/wp-json\/wp\/v2\/pages\/1685","targetHints":{"allow":["GET"]}}],"collection":[{"href":"https:\/\/friendlyparking.co.il\/de\/wp-json\/wp\/v2\/pages"}],"about":[{"href":"https:\/\/friendlyparking.co.il\/de\/wp-json\/wp\/v2\/types\/page"}],"author":[{"embeddable":true,"href":"https:\/\/friendlyparking.co.il\/de\/wp-json\/wp\/v2\/users\/2"}],"replies":[{"embeddable":true,"href":"https:\/\/friendlyparking.co.il\/de\/wp-json\/wp\/v2\/comments?post=1685"}],"version-history":[{"count":0,"href":"https:\/\/friendlyparking.co.il\/de\/wp-json\/wp\/v2\/pages\/1685\/revisions"}],"wp:attachment":[{"href":"https:\/\/friendlyparking.co.il\/de\/wp-json\/wp\/v2\/media?parent=1685"}],"curies":[{"name":"wp","href":"https:\/\/api.w.org\/{rel}","templated":true}]}}