{"id":1454,"date":"2020-03-24T11:05:55","date_gmt":"2020-03-24T11:05:55","guid":{"rendered":"http:\/\/a83043-tmp.s746.upress.link\/about\/"},"modified":"2023-01-08T17:26:08","modified_gmt":"2023-01-08T14:26:08","slug":"a-propos","status":"publish","type":"page","link":"https:\/\/friendlyparking.co.il\/fr\/a-propos\/","title":{"rendered":"A propos"},"content":{"rendered":"\t\t<div data-elementor-type=\"wp-page\" data-elementor-id=\"1454\" class=\"elementor elementor-1454 elementor-77\" data-elementor-post-type=\"page\">\n\t\t\t\t\t\t<section class=\"elementor-section elementor-top-section elementor-element elementor-element-e784951 elementor-section-full_width elementor-section-height-default elementor-section-height-default\" data-id=\"e784951\" data-element_type=\"section\" data-e-type=\"section\">\n\t\t\t\t\t\t<div class=\"elementor-container elementor-column-gap-default\">\n\t\t\t\t\t<div class=\"elementor-column elementor-col-100 elementor-top-column elementor-element elementor-element-12b47cb\" data-id=\"12b47cb\" data-element_type=\"column\" data-e-type=\"column\">\n\t\t\t<div class=\"elementor-widget-wrap elementor-element-populated\">\n\t\t\t\t\t\t<div class=\"elementor-element elementor-element-0d2e35f tb-image elementor-widget elementor-widget-image\" data-id=\"0d2e35f\" data-element_type=\"widget\" data-e-type=\"widget\" data-widget_type=\"image.default\">\n\t\t\t\t<div class=\"elementor-widget-container\">\n\t\t\t\t\t\t\t\t\t\t\t\t\t\t\t<img fetchpriority=\"high\" decoding=\"async\" width=\"1600\" height=\"349\" src=\"https:\/\/friendlyparking.co.il\/wp-content\/uploads\/2020\/03\/Group-250.png\" class=\"attachment-full size-full wp-image-1569\" alt=\"cars in the parking \u05de\u05db\u05d5\u05e0\u05d9\u05d5\u05ea \u05d1\u05d7\u05e0\u05d9\u05d9\u05d4\" srcset=\"https:\/\/friendlyparking.co.il\/wp-content\/uploads\/2020\/03\/Group-250.png 1600w, https:\/\/friendlyparking.co.il\/wp-content\/uploads\/2020\/03\/Group-250-300x65.png 300w, https:\/\/friendlyparking.co.il\/wp-content\/uploads\/2020\/03\/Group-250-1024x223.png 1024w, https:\/\/friendlyparking.co.il\/wp-content\/uploads\/2020\/03\/Group-250-768x167.png 768w, https:\/\/friendlyparking.co.il\/wp-content\/uploads\/2020\/03\/Group-250-1536x335.png 1536w\" sizes=\"(max-width: 1600px) 100vw, 1600px\" \/>\t\t\t\t\t\t\t\t\t\t\t\t\t\t\t<\/div>\n\t\t\t\t<\/div>\n\t\t\t\t\t<\/div>\n\t\t<\/div>\n\t\t\t\t\t<\/div>\n\t\t<\/section>\n\t\t\t\t<section class=\"elementor-section elementor-top-section elementor-element elementor-element-2d18e3f elementor-section-boxed elementor-section-height-default elementor-section-height-default\" data-id=\"2d18e3f\" data-element_type=\"section\" data-e-type=\"section\">\n\t\t\t\t\t\t<div class=\"elementor-container elementor-column-gap-default\">\n\t\t\t\t\t<div class=\"elementor-column elementor-col-50 elementor-top-column elementor-element elementor-element-1b90c46\" data-id=\"1b90c46\" data-element_type=\"column\" data-e-type=\"column\">\n\t\t\t<div class=\"elementor-widget-wrap elementor-element-populated\">\n\t\t\t\t\t\t<div class=\"elementor-element elementor-element-14c503f elementor-widget elementor-widget-heading\" data-id=\"14c503f\" data-element_type=\"widget\" data-e-type=\"widget\" data-widget_type=\"heading.default\">\n\t\t\t\t<div class=\"elementor-widget-container\">\n\t\t\t\t\t<h2 class=\"elementor-heading-title elementor-size-default\">A propos<\/h2>\t\t\t\t<\/div>\n\t\t\t\t<\/div>\n\t\t\t\t\t<\/div>\n\t\t<\/div>\n\t\t\t\t<div class=\"elementor-column elementor-col-50 elementor-top-column elementor-element elementor-element-0352e53\" data-id=\"0352e53\" data-element_type=\"column\" data-e-type=\"column\">\n\t\t\t<div class=\"elementor-widget-wrap elementor-element-populated\">\n\t\t\t\t\t\t<div class=\"elementor-element elementor-element-f7f3afe elementor-widget elementor-widget-text-editor\" data-id=\"f7f3afe\" data-element_type=\"widget\" data-e-type=\"widget\" data-widget_type=\"text-editor.default\">\n\t\t\t\t<div class=\"elementor-widget-container\">\n\t\t\t\t\t\t\t\t\t<p style=\"text-align: left;\">Friendly Parking est une soci\u00e9t\u00e9 s\u0153ur de I-Scan Robotics (<a href=\"http:\/\/iscanrobotics.com\" target=\"_blank\" rel=\"noopener\">iscanrobotics.com<\/a>), un leader international des syst\u00e8mes de manutention automatis\u00e9s et robotis\u00e9s pour l\u2019industrie du verre plat.<\/p><p style=\"text-align: left;\">Notre \u00e9quipe compte des ing\u00e9nieurs exp\u00e9riment\u00e9s sp\u00e9cialis\u00e9s en robotique et en d\u00e9veloppement logiciel temps r\u00e9el. Nous nous engageons \u00e0 trouver les meilleures solutions pour vos espaces de stationnement restreints.<\/p><p style=\"text-align: left;\">Avec nos plateformes de stationnement innovatrices, les architectes et les promoteurs immobiliers disposent d\u2019une grande flexibilit\u00e9 pour combiner des syst\u00e8mes de stationnement automatique avanc\u00e9s et ainsi optimiser l\u2019espace avec des solutions avantageuses pour tous les projets.<\/p>\t\t\t\t\t\t\t\t<\/div>\n\t\t\t\t<\/div>\n\t\t\t\t\t<\/div>\n\t\t<\/div>\n\t\t\t\t\t<\/div>\n\t\t<\/section>\n\t\t\t\t<section class=\"elementor-section elementor-top-section elementor-element elementor-element-7f45929 elementor-hidden-phone elementor-section-boxed elementor-section-height-default elementor-section-height-default\" data-id=\"7f45929\" data-element_type=\"section\" data-e-type=\"section\" data-settings=\"{&quot;background_background&quot;:&quot;classic&quot;}\">\n\t\t\t\t\t\t<div class=\"elementor-container elementor-column-gap-default\">\n\t\t\t\t\t<div class=\"elementor-column elementor-col-50 elementor-top-column elementor-element elementor-element-8f3db6a\" data-id=\"8f3db6a\" data-element_type=\"column\" data-e-type=\"column\">\n\t\t\t<div class=\"elementor-widget-wrap elementor-element-populated\">\n\t\t\t\t\t\t<div class=\"elementor-element elementor-element-e324922 elementor-widget elementor-widget-heading\" data-id=\"e324922\" data-element_type=\"widget\" data-e-type=\"widget\" data-widget_type=\"heading.default\">\n\t\t\t\t<div class=\"elementor-widget-container\">\n\t\t\t\t\t<h2 class=\"elementor-heading-title elementor-size-default\">Contact<\/h2>\t\t\t\t<\/div>\n\t\t\t\t<\/div>\n\t\t\t\t\t<\/div>\n\t\t<\/div>\n\t\t\t\t<div class=\"elementor-column elementor-col-50 elementor-top-column elementor-element elementor-element-058fb2d\" data-id=\"058fb2d\" data-element_type=\"column\" data-e-type=\"column\">\n\t\t\t<div class=\"elementor-widget-wrap elementor-element-populated\">\n\t\t\t\t\t\t<div class=\"elementor-element elementor-element-06b663c elementor-button-align-end elementor-mobile-button-align-stretch elementor-widget elementor-widget-form\" data-id=\"06b663c\" data-element_type=\"widget\" data-e-type=\"widget\" data-settings=\"{&quot;button_width_mobile&quot;:&quot;100&quot;,&quot;step_next_label&quot;:&quot;Suivant&quot;,&quot;step_previous_label&quot;:&quot;Pr\\u00e9c\\u00e9dent&quot;,&quot;button_width&quot;:&quot;100&quot;,&quot;step_type&quot;:&quot;number_text&quot;,&quot;step_icon_shape&quot;:&quot;circle&quot;}\" data-widget_type=\"form.default\">\n\t\t\t\t<div class=\"elementor-widget-container\">\n\t\t\t\t\t\t\t<form class=\"elementor-form\" method=\"post\" name=\"New Form\" aria-label=\"New Form\">\n\t\t\t<input type=\"hidden\" name=\"post_id\" value=\"1454\"\/>\n\t\t\t<input type=\"hidden\" name=\"form_id\" value=\"06b663c\"\/>\n\t\t\t<input type=\"hidden\" name=\"referer_title\" value=\"A propos - Friendly Parking\" \/>\n\n\t\t\t\t\t\t\t<input type=\"hidden\" name=\"queried_id\" value=\"1454\"\/>\n\t\t\t\n\t\t\t<div class=\"elementor-form-fields-wrapper elementor-labels-above\">\n\t\t\t\t\t\t\t\t<div class=\"elementor-field-type-text elementor-field-group elementor-column elementor-field-group-field_1 elementor-col-33 elementor-field-required\">\n\t\t\t\t\t\t\t\t\t\t\t\t<label for=\"form-field-field_1\" class=\"elementor-field-label\">\n\t\t\t\t\t\t\t\tNom:\t\t\t\t\t\t\t<\/label>\n\t\t\t\t\t\t\t\t\t\t\t\t\t\t<input size=\"1\" type=\"text\" name=\"form_fields[field_1]\" id=\"form-field-field_1\" class=\"elementor-field elementor-size-sm  elementor-field-textual\" required=\"required\">\n\t\t\t\t\t\t\t\t\t\t\t<\/div>\n\t\t\t\t\t\t\t\t<div class=\"elementor-field-type-text elementor-field-group elementor-column elementor-field-group-email elementor-col-33 elementor-field-required\">\n\t\t\t\t\t\t\t\t\t\t\t\t<label for=\"form-field-email\" class=\"elementor-field-label\">\n\t\t\t\t\t\t\t\tEntreprise:\t\t\t\t\t\t\t<\/label>\n\t\t\t\t\t\t\t\t\t\t\t\t\t\t<input size=\"1\" type=\"text\" name=\"form_fields[email]\" id=\"form-field-email\" class=\"elementor-field elementor-size-sm  elementor-field-textual\" required=\"required\">\n\t\t\t\t\t\t\t\t\t\t\t<\/div>\n\t\t\t\t\t\t\t\t<div class=\"elementor-field-type-email elementor-field-group elementor-column elementor-field-group-name elementor-col-33\">\n\t\t\t\t\t\t\t\t\t\t\t\t<label for=\"form-field-name\" class=\"elementor-field-label\">\n\t\t\t\t\t\t\t\tEmail:\t\t\t\t\t\t\t<\/label>\n\t\t\t\t\t\t\t\t\t\t\t\t\t\t<input size=\"1\" type=\"email\" name=\"form_fields[name]\" id=\"form-field-name\" class=\"elementor-field elementor-size-sm  elementor-field-textual\">\n\t\t\t\t\t\t\t\t\t\t\t<\/div>\n\t\t\t\t\t\t\t\t<div class=\"elementor-field-type-textarea elementor-field-group elementor-column elementor-field-group-message elementor-col-100\">\n\t\t\t\t\t\t\t\t\t\t\t\t<label for=\"form-field-message\" class=\"elementor-field-label\">\n\t\t\t\t\t\t\t\tMessage:\t\t\t\t\t\t\t<\/label>\n\t\t\t\t\t\t<textarea class=\"elementor-field-textual elementor-field  elementor-size-sm\" name=\"form_fields[message]\" id=\"form-field-message\" rows=\"4\"><\/textarea>\t\t\t\t<\/div>\n\t\t\t\t\t\t\t\t<div class=\"elementor-field-group elementor-column elementor-field-type-submit elementor-col-100 e-form__buttons elementor-sm-100\">\n\t\t\t\t\t<button class=\"elementor-button elementor-size-sm\" type=\"submit\">\n\t\t\t\t\t\t<span class=\"elementor-button-content-wrapper\">\n\t\t\t\t\t\t\t\t\t\t\t\t\t\t\t\t\t\t\t\t\t\t<span class=\"elementor-button-text\">Submit<\/span>\n\t\t\t\t\t\t\t\t\t\t\t\t\t<\/span>\n\t\t\t\t\t<\/button>\n\t\t\t\t<\/div>\n\t\t\t<\/div>\n\t\t<\/form>\n\t\t\t\t\t\t<\/div>\n\t\t\t\t<\/div>\n\t\t\t\t\t<\/div>\n\t\t<\/div>\n\t\t\t\t\t<\/div>\n\t\t<\/section>\n\t\t\t\t<\/div>\n\t\t","protected":false},"excerpt":{"rendered":"<p>A propos Friendly Parking est une soci\u00e9t\u00e9 s\u0153ur de I-Scan Robotics (iscanrobotics.com), un leader international des syst\u00e8mes de manutention automatis\u00e9s et robotis\u00e9s pour l\u2019industrie du verre plat. Notre \u00e9quipe compte des ing\u00e9nieurs exp\u00e9riment\u00e9s sp\u00e9cialis\u00e9s en robotique et en d\u00e9veloppement logiciel temps r\u00e9el. Nous nous engageons \u00e0 trouver les meilleures solutions pour vos espaces de stationnement [&hellip;]<\/p>\n","protected":false},"author":2,"featured_media":0,"parent":0,"menu_order":0,"comment_status":"closed","ping_status":"closed","template":"elementor_header_footer","meta":{"_acf_changed":false,"footnotes":""},"class_list":["post-1454","page","type-page","status-publish","hentry","entry"],"acf":[],"yoast_head":"<!-- This site is optimized with the Yoast SEO plugin v27.5 - https:\/\/yoast.com\/product\/yoast-seo-wordpress\/ -->\n<title>A propos - Friendly Parking<\/title>\n<meta name=\"robots\" content=\"index, follow, max-snippet:-1, max-image-preview:large, max-video-preview:-1\" \/>\n<link rel=\"canonical\" href=\"https:\/\/friendlyparking.co.il\/\u05de\u05d9-\u05d0\u05e0\u05d7\u05e0\u05d5\/\" \/>\n<meta property=\"og:locale\" content=\"fr_FR\" \/>\n<meta property=\"og:type\" content=\"article\" \/>\n<meta property=\"og:title\" content=\"A propos - Friendly Parking\" \/>\n<meta property=\"og:description\" content=\"A propos Friendly Parking est une soci\u00e9t\u00e9 s\u0153ur de I-Scan Robotics (iscanrobotics.com), un leader international des syst\u00e8mes de manutention automatis\u00e9s et robotis\u00e9s pour l\u2019industrie du verre plat. Notre \u00e9quipe compte des ing\u00e9nieurs exp\u00e9riment\u00e9s sp\u00e9cialis\u00e9s en robotique et en d\u00e9veloppement logiciel temps r\u00e9el. Nous nous engageons \u00e0 trouver les meilleures solutions pour vos espaces de stationnement [&hellip;]\" \/>\n<meta property=\"og:url\" content=\"https:\/\/friendlyparking.co.il\/\u05de\u05d9-\u05d0\u05e0\u05d7\u05e0\u05d5\/\" \/>\n<meta property=\"og:site_name\" content=\"Friendly Parking\" \/>\n<meta property=\"article:modified_time\" content=\"2023-01-08T14:26:08+00:00\" \/>\n<meta property=\"og:image\" content=\"https:\/\/friendlyparking.co.il\/wp-content\/uploads\/2020\/03\/Group-250.png\" \/>\n<meta name=\"twitter:card\" content=\"summary_large_image\" \/>\n<meta name=\"twitter:label1\" content=\"Dur\u00e9e de lecture estim\u00e9e\" \/>\n\t<meta name=\"twitter:data1\" content=\"1 minute\" \/>\n<script type=\"application\/ld+json\" class=\"yoast-schema-graph\">{\"@context\":\"https:\\\/\\\/schema.org\",\"@graph\":[{\"@type\":\"WebPage\",\"@id\":\"https:\\\/\\\/friendlyparking.co.il\\\/%d7%9e%d7%99-%d7%90%d7%a0%d7%97%d7%a0%d7%95\\\/\",\"url\":\"https:\\\/\\\/friendlyparking.co.il\\\/%d7%9e%d7%99-%d7%90%d7%a0%d7%97%d7%a0%d7%95\\\/\",\"name\":\"A propos - Friendly Parking\",\"isPartOf\":{\"@id\":\"https:\\\/\\\/friendlyparking.co.il\\\/#website\"},\"primaryImageOfPage\":{\"@id\":\"https:\\\/\\\/friendlyparking.co.il\\\/%d7%9e%d7%99-%d7%90%d7%a0%d7%97%d7%a0%d7%95\\\/#primaryimage\"},\"image\":{\"@id\":\"https:\\\/\\\/friendlyparking.co.il\\\/%d7%9e%d7%99-%d7%90%d7%a0%d7%97%d7%a0%d7%95\\\/#primaryimage\"},\"thumbnailUrl\":\"https:\\\/\\\/friendlyparking.co.il\\\/wp-content\\\/uploads\\\/2020\\\/03\\\/Group-250.png\",\"datePublished\":\"2020-03-24T11:05:55+00:00\",\"dateModified\":\"2023-01-08T14:26:08+00:00\",\"breadcrumb\":{\"@id\":\"https:\\\/\\\/friendlyparking.co.il\\\/%d7%9e%d7%99-%d7%90%d7%a0%d7%97%d7%a0%d7%95\\\/#breadcrumb\"},\"inLanguage\":\"fr-FR\",\"potentialAction\":[{\"@type\":\"ReadAction\",\"target\":[\"https:\\\/\\\/friendlyparking.co.il\\\/%d7%9e%d7%99-%d7%90%d7%a0%d7%97%d7%a0%d7%95\\\/\"]}]},{\"@type\":\"ImageObject\",\"inLanguage\":\"fr-FR\",\"@id\":\"https:\\\/\\\/friendlyparking.co.il\\\/%d7%9e%d7%99-%d7%90%d7%a0%d7%97%d7%a0%d7%95\\\/#primaryimage\",\"url\":\"https:\\\/\\\/friendlyparking.co.il\\\/wp-content\\\/uploads\\\/2020\\\/03\\\/Group-250.png\",\"contentUrl\":\"https:\\\/\\\/friendlyparking.co.il\\\/wp-content\\\/uploads\\\/2020\\\/03\\\/Group-250.png\"},{\"@type\":\"BreadcrumbList\",\"@id\":\"https:\\\/\\\/friendlyparking.co.il\\\/%d7%9e%d7%99-%d7%90%d7%a0%d7%97%d7%a0%d7%95\\\/#breadcrumb\",\"itemListElement\":[{\"@type\":\"ListItem\",\"position\":1,\"name\":\"\u05d3\u05e3 \u05d4\u05d1\u05d9\u05ea\",\"item\":\"https:\\\/\\\/friendlyparking.co.il\\\/fr\\\/\"},{\"@type\":\"ListItem\",\"position\":2,\"name\":\"A propos\"}]},{\"@type\":\"WebSite\",\"@id\":\"https:\\\/\\\/friendlyparking.co.il\\\/#website\",\"url\":\"https:\\\/\\\/friendlyparking.co.il\\\/\",\"name\":\"Friendly Parking\",\"description\":\"Customized Automatic Parking\",\"publisher\":{\"@id\":\"https:\\\/\\\/friendlyparking.co.il\\\/#organization\"},\"potentialAction\":[{\"@type\":\"SearchAction\",\"target\":{\"@type\":\"EntryPoint\",\"urlTemplate\":\"https:\\\/\\\/friendlyparking.co.il\\\/?s={search_term_string}\"},\"query-input\":{\"@type\":\"PropertyValueSpecification\",\"valueRequired\":true,\"valueName\":\"search_term_string\"}}],\"inLanguage\":\"fr-FR\"},{\"@type\":\"Organization\",\"@id\":\"https:\\\/\\\/friendlyparking.co.il\\\/#organization\",\"name\":\"Friendly Parking\",\"url\":\"https:\\\/\\\/friendlyparking.co.il\\\/\",\"logo\":{\"@type\":\"ImageObject\",\"inLanguage\":\"fr-FR\",\"@id\":\"https:\\\/\\\/friendlyparking.co.il\\\/#\\\/schema\\\/logo\\\/image\\\/\",\"url\":\"https:\\\/\\\/friendlyparking.co.il\\\/wp-content\\\/uploads\\\/2022\\\/06\\\/Logo@2x.png\",\"contentUrl\":\"https:\\\/\\\/friendlyparking.co.il\\\/wp-content\\\/uploads\\\/2022\\\/06\\\/Logo@2x.png\",\"width\":355,\"height\":91,\"caption\":\"Friendly Parking\"},\"image\":{\"@id\":\"https:\\\/\\\/friendlyparking.co.il\\\/#\\\/schema\\\/logo\\\/image\\\/\"}}]}<\/script>\n<!-- \/ Yoast SEO plugin. -->","yoast_head_json":{"title":"A propos - Friendly Parking","robots":{"index":"index","follow":"follow","max-snippet":"max-snippet:-1","max-image-preview":"max-image-preview:large","max-video-preview":"max-video-preview:-1"},"canonical":"https:\/\/friendlyparking.co.il\/\u05de\u05d9-\u05d0\u05e0\u05d7\u05e0\u05d5\/","og_locale":"fr_FR","og_type":"article","og_title":"A propos - Friendly Parking","og_description":"A propos Friendly Parking est une soci\u00e9t\u00e9 s\u0153ur de I-Scan Robotics (iscanrobotics.com), un leader international des syst\u00e8mes de manutention automatis\u00e9s et robotis\u00e9s pour l\u2019industrie du verre plat. Notre \u00e9quipe compte des ing\u00e9nieurs exp\u00e9riment\u00e9s sp\u00e9cialis\u00e9s en robotique et en d\u00e9veloppement logiciel temps r\u00e9el. Nous nous engageons \u00e0 trouver les meilleures solutions pour vos espaces de stationnement [&hellip;]","og_url":"https:\/\/friendlyparking.co.il\/\u05de\u05d9-\u05d0\u05e0\u05d7\u05e0\u05d5\/","og_site_name":"Friendly Parking","article_modified_time":"2023-01-08T14:26:08+00:00","og_image":[{"url":"https:\/\/friendlyparking.co.il\/wp-content\/uploads\/2020\/03\/Group-250.png","type":"","width":"","height":""}],"twitter_card":"summary_large_image","twitter_misc":{"Dur\u00e9e de lecture estim\u00e9e":"1 minute"},"schema":{"@context":"https:\/\/schema.org","@graph":[{"@type":"WebPage","@id":"https:\/\/friendlyparking.co.il\/%d7%9e%d7%99-%d7%90%d7%a0%d7%97%d7%a0%d7%95\/","url":"https:\/\/friendlyparking.co.il\/%d7%9e%d7%99-%d7%90%d7%a0%d7%97%d7%a0%d7%95\/","name":"A propos - Friendly Parking","isPartOf":{"@id":"https:\/\/friendlyparking.co.il\/#website"},"primaryImageOfPage":{"@id":"https:\/\/friendlyparking.co.il\/%d7%9e%d7%99-%d7%90%d7%a0%d7%97%d7%a0%d7%95\/#primaryimage"},"image":{"@id":"https:\/\/friendlyparking.co.il\/%d7%9e%d7%99-%d7%90%d7%a0%d7%97%d7%a0%d7%95\/#primaryimage"},"thumbnailUrl":"https:\/\/friendlyparking.co.il\/wp-content\/uploads\/2020\/03\/Group-250.png","datePublished":"2020-03-24T11:05:55+00:00","dateModified":"2023-01-08T14:26:08+00:00","breadcrumb":{"@id":"https:\/\/friendlyparking.co.il\/%d7%9e%d7%99-%d7%90%d7%a0%d7%97%d7%a0%d7%95\/#breadcrumb"},"inLanguage":"fr-FR","potentialAction":[{"@type":"ReadAction","target":["https:\/\/friendlyparking.co.il\/%d7%9e%d7%99-%d7%90%d7%a0%d7%97%d7%a0%d7%95\/"]}]},{"@type":"ImageObject","inLanguage":"fr-FR","@id":"https:\/\/friendlyparking.co.il\/%d7%9e%d7%99-%d7%90%d7%a0%d7%97%d7%a0%d7%95\/#primaryimage","url":"https:\/\/friendlyparking.co.il\/wp-content\/uploads\/2020\/03\/Group-250.png","contentUrl":"https:\/\/friendlyparking.co.il\/wp-content\/uploads\/2020\/03\/Group-250.png"},{"@type":"BreadcrumbList","@id":"https:\/\/friendlyparking.co.il\/%d7%9e%d7%99-%d7%90%d7%a0%d7%97%d7%a0%d7%95\/#breadcrumb","itemListElement":[{"@type":"ListItem","position":1,"name":"\u05d3\u05e3 \u05d4\u05d1\u05d9\u05ea","item":"https:\/\/friendlyparking.co.il\/fr\/"},{"@type":"ListItem","position":2,"name":"A propos"}]},{"@type":"WebSite","@id":"https:\/\/friendlyparking.co.il\/#website","url":"https:\/\/friendlyparking.co.il\/","name":"Friendly Parking","description":"Customized Automatic Parking","publisher":{"@id":"https:\/\/friendlyparking.co.il\/#organization"},"potentialAction":[{"@type":"SearchAction","target":{"@type":"EntryPoint","urlTemplate":"https:\/\/friendlyparking.co.il\/?s={search_term_string}"},"query-input":{"@type":"PropertyValueSpecification","valueRequired":true,"valueName":"search_term_string"}}],"inLanguage":"fr-FR"},{"@type":"Organization","@id":"https:\/\/friendlyparking.co.il\/#organization","name":"Friendly Parking","url":"https:\/\/friendlyparking.co.il\/","logo":{"@type":"ImageObject","inLanguage":"fr-FR","@id":"https:\/\/friendlyparking.co.il\/#\/schema\/logo\/image\/","url":"https:\/\/friendlyparking.co.il\/wp-content\/uploads\/2022\/06\/Logo@2x.png","contentUrl":"https:\/\/friendlyparking.co.il\/wp-content\/uploads\/2022\/06\/Logo@2x.png","width":355,"height":91,"caption":"Friendly Parking"},"image":{"@id":"https:\/\/friendlyparking.co.il\/#\/schema\/logo\/image\/"}}]}},"_links":{"self":[{"href":"https:\/\/friendlyparking.co.il\/fr\/wp-json\/wp\/v2\/pages\/1454","targetHints":{"allow":["GET"]}}],"collection":[{"href":"https:\/\/friendlyparking.co.il\/fr\/wp-json\/wp\/v2\/pages"}],"about":[{"href":"https:\/\/friendlyparking.co.il\/fr\/wp-json\/wp\/v2\/types\/page"}],"author":[{"embeddable":true,"href":"https:\/\/friendlyparking.co.il\/fr\/wp-json\/wp\/v2\/users\/2"}],"replies":[{"embeddable":true,"href":"https:\/\/friendlyparking.co.il\/fr\/wp-json\/wp\/v2\/comments?post=1454"}],"version-history":[{"count":0,"href":"https:\/\/friendlyparking.co.il\/fr\/wp-json\/wp\/v2\/pages\/1454\/revisions"}],"wp:attachment":[{"href":"https:\/\/friendlyparking.co.il\/fr\/wp-json\/wp\/v2\/media?parent=1454"}],"curies":[{"name":"wp","href":"https:\/\/api.w.org\/{rel}","templated":true}]}}