{"id":1571,"date":"2020-03-24T12:12:31","date_gmt":"2020-03-24T12:12:31","guid":{"rendered":"http:\/\/a83043-tmp.s746.upress.link\/solutions\/"},"modified":"2020-05-20T14:06:09","modified_gmt":"2020-05-20T14:06:09","slug":"solutions","status":"publish","type":"page","link":"https:\/\/friendlyparking.co.il\/fr\/solutions\/","title":{"rendered":"Solutions"},"content":{"rendered":"\t\t<div data-elementor-type=\"wp-page\" data-elementor-id=\"1571\" class=\"elementor elementor-1571 elementor-84\" data-elementor-post-type=\"page\">\n\t\t\t\t\t\t<section class=\"elementor-section elementor-top-section elementor-element elementor-element-6689099 elementor-section-full_width elementor-section-height-default elementor-section-height-default\" data-id=\"6689099\" data-element_type=\"section\" data-e-type=\"section\">\n\t\t\t\t\t\t<div class=\"elementor-container elementor-column-gap-default\">\n\t\t\t\t\t<div class=\"elementor-column elementor-col-100 elementor-top-column elementor-element elementor-element-f25a031\" data-id=\"f25a031\" data-element_type=\"column\" data-e-type=\"column\">\n\t\t\t<div class=\"elementor-widget-wrap elementor-element-populated\">\n\t\t\t\t\t\t<div class=\"elementor-element elementor-element-37f2554 tb-image elementor-widget elementor-widget-image\" data-id=\"37f2554\" data-element_type=\"widget\" data-e-type=\"widget\" data-widget_type=\"image.default\">\n\t\t\t\t<div class=\"elementor-widget-container\">\n\t\t\t\t\t\t\t\t\t\t\t\t\t\t\t<img fetchpriority=\"high\" decoding=\"async\" width=\"1600\" height=\"1200\" src=\"https:\/\/friendlyparking.co.il\/wp-content\/uploads\/2020\/04\/solutions.png\" class=\"attachment-full size-full wp-image-1576\" alt=\"\u05d4\u05d9\u05ea\u05e8\u05d5\u05e0\u05d5\u05ea \u05e9\u05dc \u05d7\u05e0\u05d9\u05d5\u05e0\u05d9\u05dd \u05d0\u05d5\u05d8\u05d5\u05de\u05d8\u05d9\u05d9\u05dd\" srcset=\"https:\/\/friendlyparking.co.il\/wp-content\/uploads\/2020\/04\/solutions.png 1600w, https:\/\/friendlyparking.co.il\/wp-content\/uploads\/2020\/04\/solutions-300x225.png 300w, https:\/\/friendlyparking.co.il\/wp-content\/uploads\/2020\/04\/solutions-1024x768.png 1024w, https:\/\/friendlyparking.co.il\/wp-content\/uploads\/2020\/04\/solutions-768x576.png 768w, https:\/\/friendlyparking.co.il\/wp-content\/uploads\/2020\/04\/solutions-1536x1152.png 1536w\" sizes=\"(max-width: 1600px) 100vw, 1600px\" \/>\t\t\t\t\t\t\t\t\t\t\t\t\t\t\t<\/div>\n\t\t\t\t<\/div>\n\t\t\t\t\t<\/div>\n\t\t<\/div>\n\t\t\t\t\t<\/div>\n\t\t<\/section>\n\t\t\t\t<section class=\"elementor-section elementor-top-section elementor-element elementor-element-0b07b78 elementor-section-boxed elementor-section-height-default elementor-section-height-default\" data-id=\"0b07b78\" data-element_type=\"section\" data-e-type=\"section\">\n\t\t\t\t\t\t<div class=\"elementor-container elementor-column-gap-default\">\n\t\t\t\t\t<div class=\"elementor-column elementor-col-33 elementor-top-column elementor-element elementor-element-85ac7fe\" data-id=\"85ac7fe\" data-element_type=\"column\" data-e-type=\"column\">\n\t\t\t<div class=\"elementor-widget-wrap elementor-element-populated\">\n\t\t\t\t\t\t<div class=\"elementor-element elementor-element-61f9f13 elementor-widget elementor-widget-heading\" data-id=\"61f9f13\" data-element_type=\"widget\" data-e-type=\"widget\" data-widget_type=\"heading.default\">\n\t\t\t\t<div class=\"elementor-widget-container\">\n\t\t\t\t\t<h2 class=\"elementor-heading-title elementor-size-default\">Solutions<\/h2>\t\t\t\t<\/div>\n\t\t\t\t<\/div>\n\t\t\t\t\t<\/div>\n\t\t<\/div>\n\t\t\t\t<div class=\"elementor-column elementor-col-66 elementor-top-column elementor-element elementor-element-78fb247\" data-id=\"78fb247\" data-element_type=\"column\" data-e-type=\"column\">\n\t\t\t<div class=\"elementor-widget-wrap elementor-element-populated\">\n\t\t\t\t\t\t<div class=\"elementor-element elementor-element-84087ac elementor-widget elementor-widget-text-editor\" data-id=\"84087ac\" data-element_type=\"widget\" data-e-type=\"widget\" data-widget_type=\"text-editor.default\">\n\t\t\t\t<div class=\"elementor-widget-container\">\n\t\t\t\t\t\t\t\t\t<p style=\"text-align: left;\">Nous avons d\u00e9velopp\u00e9 deux plateformes de stationnement automatis\u00e9es, qui proposent des solutions aux probl\u00e8mes des espaces de stationnement restreints. L\u2019une pour des emplacements en souterrains et l\u2019autre pour des surfaces horizontales complexes.<\/p>\t\t\t\t\t\t\t\t<\/div>\n\t\t\t\t<\/div>\n\t\t\t\t\t<\/div>\n\t\t<\/div>\n\t\t\t\t\t<\/div>\n\t\t<\/section>\n\t\t\t\t<section class=\"elementor-section elementor-top-section elementor-element elementor-element-cef78e3 elementor-section-content-top elementor-section-boxed elementor-section-height-default elementor-section-height-default\" data-id=\"cef78e3\" data-element_type=\"section\" data-e-type=\"section\">\n\t\t\t\t\t\t<div class=\"elementor-container elementor-column-gap-default\">\n\t\t\t\t\t<div class=\"elementor-column elementor-col-33 elementor-top-column elementor-element elementor-element-60d0720\" data-id=\"60d0720\" data-element_type=\"column\" data-e-type=\"column\">\n\t\t\t<div class=\"elementor-widget-wrap\">\n\t\t\t\t\t\t\t<\/div>\n\t\t<\/div>\n\t\t\t\t<div class=\"elementor-column elementor-col-66 elementor-top-column elementor-element elementor-element-19310f8\" data-id=\"19310f8\" data-element_type=\"column\" data-e-type=\"column\">\n\t\t\t<div class=\"elementor-widget-wrap elementor-element-populated\">\n\t\t\t\t\t\t<section class=\"elementor-section elementor-inner-section elementor-element elementor-element-5b64c5e elementor-section-boxed elementor-section-height-default elementor-section-height-default\" data-id=\"5b64c5e\" data-element_type=\"section\" data-e-type=\"section\">\n\t\t\t\t\t\t<div class=\"elementor-container elementor-column-gap-default\">\n\t\t\t\t\t<div class=\"elementor-column elementor-col-50 elementor-inner-column elementor-element elementor-element-328c779\" data-id=\"328c779\" data-element_type=\"column\" data-e-type=\"column\">\n\t\t\t<div class=\"elementor-widget-wrap elementor-element-populated\">\n\t\t\t\t\t\t<div class=\"elementor-element elementor-element-54c68f7 solutions-image elementor-widget elementor-widget-image\" data-id=\"54c68f7\" data-element_type=\"widget\" data-e-type=\"widget\" data-widget_type=\"image.default\">\n\t\t\t\t<div class=\"elementor-widget-container\">\n\t\t\t\t\t\t\t\t\t\t\t\t\t\t\t<img decoding=\"async\" width=\"403\" height=\"285\" src=\"https:\/\/friendlyparking.co.il\/wp-content\/uploads\/2020\/03\/Rectangle-49.png\" class=\"attachment-large size-large wp-image-1574\" alt=\"Automatic parking \u05d7\u05e0\u05d9\u05d4 \u05d0\u05d5\u05d8\u05d5\u05de\u05d8\u05d9\u05ea\" srcset=\"https:\/\/friendlyparking.co.il\/wp-content\/uploads\/2020\/03\/Rectangle-49.png 403w, https:\/\/friendlyparking.co.il\/wp-content\/uploads\/2020\/03\/Rectangle-49-300x212.png 300w\" sizes=\"(max-width: 403px) 100vw, 403px\" \/>\t\t\t\t\t\t\t\t\t\t\t\t\t\t\t<\/div>\n\t\t\t\t<\/div>\n\t\t\t\t<div class=\"elementor-element elementor-element-b8a913b elementor-widget elementor-widget-heading\" data-id=\"b8a913b\" data-element_type=\"widget\" data-e-type=\"widget\" data-widget_type=\"heading.default\">\n\t\t\t\t<div class=\"elementor-widget-container\">\n\t\t\t\t\t<h2 class=\"elementor-heading-title elementor-size-default\">Stationnement standard FPS<\/h2>\t\t\t\t<\/div>\n\t\t\t\t<\/div>\n\t\t\t\t<div class=\"elementor-element elementor-element-6002418 elementor-widget elementor-widget-text-editor\" data-id=\"6002418\" data-element_type=\"widget\" data-e-type=\"widget\" data-widget_type=\"text-editor.default\">\n\t\t\t\t<div class=\"elementor-widget-container\">\n\t\t\t\t\t\t\t\t\t<p style=\"text-align: center;\">La solution de Stationnement standard FPS consiste en un syst\u00e8me vertical \u00e0 base de palette, con\u00e7u pour des espaces de taille petite \u00e0 moyenne.<\/p>\t\t\t\t\t\t\t\t<\/div>\n\t\t\t\t<\/div>\n\t\t\t\t<div class=\"elementor-element elementor-element-7914d81 elementor-align-center elementor-widget elementor-widget-button\" data-id=\"7914d81\" data-element_type=\"widget\" data-e-type=\"widget\" data-widget_type=\"button.default\">\n\t\t\t\t<div class=\"elementor-widget-container\">\n\t\t\t\t\t\t\t\t\t<div class=\"elementor-button-wrapper\">\n\t\t\t\t\t<a class=\"elementor-button elementor-button-link elementor-size-sm\" href=\"\/stationnement-standard-fps\/?lang=fr\">\n\t\t\t\t\t\t<span class=\"elementor-button-content-wrapper\">\n\t\t\t\t\t\t<span class=\"elementor-button-icon\">\n\t\t\t\t<svg aria-hidden=\"true\" class=\"e-font-icon-svg e-fas-angle-right\" viewBox=\"0 0 256 512\" xmlns=\"http:\/\/www.w3.org\/2000\/svg\"><path d=\"M224.3 273l-136 136c-9.4 9.4-24.6 9.4-33.9 0l-22.6-22.6c-9.4-9.4-9.4-24.6 0-33.9l96.4-96.4-96.4-96.4c-9.4-9.4-9.4-24.6 0-33.9L54.3 103c9.4-9.4 24.6-9.4 33.9 0l136 136c9.5 9.4 9.5 24.6.1 34z\"><\/path><\/svg>\t\t\t<\/span>\n\t\t\t\t\t\t\t\t\t<span class=\"elementor-button-text\">En savoir plus<\/span>\n\t\t\t\t\t<\/span>\n\t\t\t\t\t<\/a>\n\t\t\t\t<\/div>\n\t\t\t\t\t\t\t\t<\/div>\n\t\t\t\t<\/div>\n\t\t\t\t\t<\/div>\n\t\t<\/div>\n\t\t\t\t<div class=\"elementor-column elementor-col-50 elementor-inner-column elementor-element elementor-element-a375e69\" data-id=\"a375e69\" data-element_type=\"column\" data-e-type=\"column\">\n\t\t\t<div class=\"elementor-widget-wrap elementor-element-populated\">\n\t\t\t\t\t\t<div class=\"elementor-element elementor-element-a51b3eb solutions-image elementor-widget elementor-widget-image\" data-id=\"a51b3eb\" data-element_type=\"widget\" data-e-type=\"widget\" data-widget_type=\"image.default\">\n\t\t\t\t<div class=\"elementor-widget-container\">\n\t\t\t\t\t\t\t\t\t\t\t\t\t\t\t<img decoding=\"async\" width=\"452\" height=\"320\" src=\"https:\/\/friendlyparking.co.il\/wp-content\/uploads\/2020\/03\/Rectangle-54.png\" class=\"attachment-large size-large wp-image-1572\" alt=\"\u05d7\u05e0\u05d9\u05d4 \u05d0\u05d5\u05d8\u05d5\u05de\u05d8\u05d9\u05ea Automatic parking\" srcset=\"https:\/\/friendlyparking.co.il\/wp-content\/uploads\/2020\/03\/Rectangle-54.png 452w, https:\/\/friendlyparking.co.il\/wp-content\/uploads\/2020\/03\/Rectangle-54-300x212.png 300w\" sizes=\"(max-width: 452px) 100vw, 452px\" \/>\t\t\t\t\t\t\t\t\t\t\t\t\t\t\t<\/div>\n\t\t\t\t<\/div>\n\t\t\t\t<div class=\"elementor-element elementor-element-7986b4f elementor-widget elementor-widget-heading\" data-id=\"7986b4f\" data-element_type=\"widget\" data-e-type=\"widget\" data-widget_type=\"heading.default\">\n\t\t\t\t<div class=\"elementor-widget-container\">\n\t\t\t\t\t<h2 class=\"elementor-heading-title elementor-size-default\">Stationnement automatis\u00e9 FPS<\/h2>\t\t\t\t<\/div>\n\t\t\t\t<\/div>\n\t\t\t\t<div class=\"elementor-element elementor-element-712316b elementor-widget elementor-widget-text-editor\" data-id=\"712316b\" data-element_type=\"widget\" data-e-type=\"widget\" data-widget_type=\"text-editor.default\">\n\t\t\t\t<div class=\"elementor-widget-container\">\n\t\t\t\t\t\t\t\t\t<p style=\"text-align: center;\">La solution de Stationnement automatis\u00e9 FPS repose sur l\u2019utilisation d\u2019un v\u00e9hicule autoguid\u00e9 qui d\u00e9place les v\u00e9hicules.<\/p>\t\t\t\t\t\t\t\t<\/div>\n\t\t\t\t<\/div>\n\t\t\t\t<div class=\"elementor-element elementor-element-da77690 elementor-align-center elementor-widget elementor-widget-button\" data-id=\"da77690\" data-element_type=\"widget\" data-e-type=\"widget\" data-widget_type=\"button.default\">\n\t\t\t\t<div class=\"elementor-widget-container\">\n\t\t\t\t\t\t\t\t\t<div class=\"elementor-button-wrapper\">\n\t\t\t\t\t<a class=\"elementor-button elementor-button-link elementor-size-sm\" href=\"\/stationnement-automatise-fps\/?lang=fr\">\n\t\t\t\t\t\t<span class=\"elementor-button-content-wrapper\">\n\t\t\t\t\t\t<span class=\"elementor-button-icon\">\n\t\t\t\t<svg aria-hidden=\"true\" class=\"e-font-icon-svg e-fas-angle-right\" viewBox=\"0 0 256 512\" xmlns=\"http:\/\/www.w3.org\/2000\/svg\"><path d=\"M224.3 273l-136 136c-9.4 9.4-24.6 9.4-33.9 0l-22.6-22.6c-9.4-9.4-9.4-24.6 0-33.9l96.4-96.4-96.4-96.4c-9.4-9.4-9.4-24.6 0-33.9L54.3 103c9.4-9.4 24.6-9.4 33.9 0l136 136c9.5 9.4 9.5 24.6.1 34z\"><\/path><\/svg>\t\t\t<\/span>\n\t\t\t\t\t\t\t\t\t<span class=\"elementor-button-text\">En savoir plus<\/span>\n\t\t\t\t\t<\/span>\n\t\t\t\t\t<\/a>\n\t\t\t\t<\/div>\n\t\t\t\t\t\t\t\t<\/div>\n\t\t\t\t<\/div>\n\t\t\t\t\t<\/div>\n\t\t<\/div>\n\t\t\t\t\t<\/div>\n\t\t<\/section>\n\t\t\t\t\t<\/div>\n\t\t<\/div>\n\t\t\t\t\t<\/div>\n\t\t<\/section>\n\t\t\t\t<\/div>\n\t\t","protected":false},"excerpt":{"rendered":"<p>Solutions Nous avons d\u00e9velopp\u00e9 deux plateformes de stationnement automatis\u00e9es, qui proposent des solutions aux probl\u00e8mes des espaces de stationnement restreints. L\u2019une pour des emplacements en souterrains et l\u2019autre pour des surfaces horizontales complexes. Stationnement standard FPS La solution de Stationnement standard FPS consiste en un syst\u00e8me vertical \u00e0 base de palette, con\u00e7u pour des espaces [&hellip;]<\/p>\n","protected":false},"author":2,"featured_media":0,"parent":0,"menu_order":0,"comment_status":"closed","ping_status":"closed","template":"elementor_header_footer","meta":{"_acf_changed":false,"footnotes":""},"class_list":["post-1571","page","type-page","status-publish","hentry","entry"],"acf":[],"yoast_head":"<!-- This site is optimized with the Yoast SEO plugin v27.5 - https:\/\/yoast.com\/product\/yoast-seo-wordpress\/ -->\n<title>Solutions - Friendly Parking<\/title>\n<meta name=\"robots\" content=\"index, follow, max-snippet:-1, max-image-preview:large, max-video-preview:-1\" \/>\n<link rel=\"canonical\" href=\"https:\/\/friendlyparking.co.il\/solutions\/?lang=fr\" \/>\n<meta property=\"og:locale\" content=\"fr_FR\" \/>\n<meta property=\"og:type\" content=\"article\" \/>\n<meta property=\"og:title\" content=\"Solutions - Friendly Parking\" \/>\n<meta property=\"og:description\" content=\"Solutions Nous avons d\u00e9velopp\u00e9 deux plateformes de stationnement automatis\u00e9es, qui proposent des solutions aux probl\u00e8mes des espaces de stationnement restreints. L\u2019une pour des emplacements en souterrains et l\u2019autre pour des surfaces horizontales complexes. Stationnement standard FPS La solution de Stationnement standard FPS consiste en un syst\u00e8me vertical \u00e0 base de palette, con\u00e7u pour des espaces [&hellip;]\" \/>\n<meta property=\"og:url\" content=\"https:\/\/friendlyparking.co.il\/solutions\/?lang=fr\" \/>\n<meta property=\"og:site_name\" content=\"Friendly Parking\" \/>\n<meta property=\"article:modified_time\" content=\"2020-05-20T14:06:09+00:00\" \/>\n<meta property=\"og:image\" content=\"https:\/\/friendlyparking.co.il\/wp-content\/uploads\/2020\/04\/solutions.png\" \/>\n<meta name=\"twitter:card\" content=\"summary_large_image\" \/>\n<script type=\"application\/ld+json\" class=\"yoast-schema-graph\">{\"@context\":\"https:\\\/\\\/schema.org\",\"@graph\":[{\"@type\":\"WebPage\",\"@id\":\"https:\\\/\\\/friendlyparking.co.il\\\/solutions\\\/?lang=fr\",\"url\":\"https:\\\/\\\/friendlyparking.co.il\\\/solutions\\\/?lang=fr\",\"name\":\"Solutions - Friendly Parking\",\"isPartOf\":{\"@id\":\"https:\\\/\\\/friendlyparking.co.il\\\/#website\"},\"primaryImageOfPage\":{\"@id\":\"https:\\\/\\\/friendlyparking.co.il\\\/solutions\\\/?lang=fr#primaryimage\"},\"image\":{\"@id\":\"https:\\\/\\\/friendlyparking.co.il\\\/solutions\\\/?lang=fr#primaryimage\"},\"thumbnailUrl\":\"https:\\\/\\\/friendlyparking.co.il\\\/wp-content\\\/uploads\\\/2020\\\/04\\\/solutions.png\",\"datePublished\":\"2020-03-24T12:12:31+00:00\",\"dateModified\":\"2020-05-20T14:06:09+00:00\",\"breadcrumb\":{\"@id\":\"https:\\\/\\\/friendlyparking.co.il\\\/solutions\\\/?lang=fr#breadcrumb\"},\"inLanguage\":\"fr-FR\",\"potentialAction\":[{\"@type\":\"ReadAction\",\"target\":[\"https:\\\/\\\/friendlyparking.co.il\\\/solutions\\\/?lang=fr\"]}]},{\"@type\":\"ImageObject\",\"inLanguage\":\"fr-FR\",\"@id\":\"https:\\\/\\\/friendlyparking.co.il\\\/solutions\\\/?lang=fr#primaryimage\",\"url\":\"https:\\\/\\\/friendlyparking.co.il\\\/wp-content\\\/uploads\\\/2020\\\/04\\\/solutions.png\",\"contentUrl\":\"https:\\\/\\\/friendlyparking.co.il\\\/wp-content\\\/uploads\\\/2020\\\/04\\\/solutions.png\"},{\"@type\":\"BreadcrumbList\",\"@id\":\"https:\\\/\\\/friendlyparking.co.il\\\/solutions\\\/?lang=fr#breadcrumb\",\"itemListElement\":[{\"@type\":\"ListItem\",\"position\":1,\"name\":\"\u05d3\u05e3 \u05d4\u05d1\u05d9\u05ea\",\"item\":\"https:\\\/\\\/friendlyparking.co.il\\\/fr\\\/\"},{\"@type\":\"ListItem\",\"position\":2,\"name\":\"Solutions\"}]},{\"@type\":\"WebSite\",\"@id\":\"https:\\\/\\\/friendlyparking.co.il\\\/#website\",\"url\":\"https:\\\/\\\/friendlyparking.co.il\\\/\",\"name\":\"Friendly Parking\",\"description\":\"Customized Automatic Parking\",\"publisher\":{\"@id\":\"https:\\\/\\\/friendlyparking.co.il\\\/#organization\"},\"potentialAction\":[{\"@type\":\"SearchAction\",\"target\":{\"@type\":\"EntryPoint\",\"urlTemplate\":\"https:\\\/\\\/friendlyparking.co.il\\\/?s={search_term_string}\"},\"query-input\":{\"@type\":\"PropertyValueSpecification\",\"valueRequired\":true,\"valueName\":\"search_term_string\"}}],\"inLanguage\":\"fr-FR\"},{\"@type\":\"Organization\",\"@id\":\"https:\\\/\\\/friendlyparking.co.il\\\/#organization\",\"name\":\"Friendly Parking\",\"url\":\"https:\\\/\\\/friendlyparking.co.il\\\/\",\"logo\":{\"@type\":\"ImageObject\",\"inLanguage\":\"fr-FR\",\"@id\":\"https:\\\/\\\/friendlyparking.co.il\\\/#\\\/schema\\\/logo\\\/image\\\/\",\"url\":\"https:\\\/\\\/friendlyparking.co.il\\\/wp-content\\\/uploads\\\/2022\\\/06\\\/Logo@2x.png\",\"contentUrl\":\"https:\\\/\\\/friendlyparking.co.il\\\/wp-content\\\/uploads\\\/2022\\\/06\\\/Logo@2x.png\",\"width\":355,\"height\":91,\"caption\":\"Friendly Parking\"},\"image\":{\"@id\":\"https:\\\/\\\/friendlyparking.co.il\\\/#\\\/schema\\\/logo\\\/image\\\/\"}}]}<\/script>\n<!-- \/ Yoast SEO plugin. -->","yoast_head_json":{"title":"Solutions - Friendly Parking","robots":{"index":"index","follow":"follow","max-snippet":"max-snippet:-1","max-image-preview":"max-image-preview:large","max-video-preview":"max-video-preview:-1"},"canonical":"https:\/\/friendlyparking.co.il\/solutions\/?lang=fr","og_locale":"fr_FR","og_type":"article","og_title":"Solutions - Friendly Parking","og_description":"Solutions Nous avons d\u00e9velopp\u00e9 deux plateformes de stationnement automatis\u00e9es, qui proposent des solutions aux probl\u00e8mes des espaces de stationnement restreints. L\u2019une pour des emplacements en souterrains et l\u2019autre pour des surfaces horizontales complexes. Stationnement standard FPS La solution de Stationnement standard FPS consiste en un syst\u00e8me vertical \u00e0 base de palette, con\u00e7u pour des espaces [&hellip;]","og_url":"https:\/\/friendlyparking.co.il\/solutions\/?lang=fr","og_site_name":"Friendly Parking","article_modified_time":"2020-05-20T14:06:09+00:00","og_image":[{"url":"https:\/\/friendlyparking.co.il\/wp-content\/uploads\/2020\/04\/solutions.png","type":"","width":"","height":""}],"twitter_card":"summary_large_image","schema":{"@context":"https:\/\/schema.org","@graph":[{"@type":"WebPage","@id":"https:\/\/friendlyparking.co.il\/solutions\/?lang=fr","url":"https:\/\/friendlyparking.co.il\/solutions\/?lang=fr","name":"Solutions - Friendly Parking","isPartOf":{"@id":"https:\/\/friendlyparking.co.il\/#website"},"primaryImageOfPage":{"@id":"https:\/\/friendlyparking.co.il\/solutions\/?lang=fr#primaryimage"},"image":{"@id":"https:\/\/friendlyparking.co.il\/solutions\/?lang=fr#primaryimage"},"thumbnailUrl":"https:\/\/friendlyparking.co.il\/wp-content\/uploads\/2020\/04\/solutions.png","datePublished":"2020-03-24T12:12:31+00:00","dateModified":"2020-05-20T14:06:09+00:00","breadcrumb":{"@id":"https:\/\/friendlyparking.co.il\/solutions\/?lang=fr#breadcrumb"},"inLanguage":"fr-FR","potentialAction":[{"@type":"ReadAction","target":["https:\/\/friendlyparking.co.il\/solutions\/?lang=fr"]}]},{"@type":"ImageObject","inLanguage":"fr-FR","@id":"https:\/\/friendlyparking.co.il\/solutions\/?lang=fr#primaryimage","url":"https:\/\/friendlyparking.co.il\/wp-content\/uploads\/2020\/04\/solutions.png","contentUrl":"https:\/\/friendlyparking.co.il\/wp-content\/uploads\/2020\/04\/solutions.png"},{"@type":"BreadcrumbList","@id":"https:\/\/friendlyparking.co.il\/solutions\/?lang=fr#breadcrumb","itemListElement":[{"@type":"ListItem","position":1,"name":"\u05d3\u05e3 \u05d4\u05d1\u05d9\u05ea","item":"https:\/\/friendlyparking.co.il\/fr\/"},{"@type":"ListItem","position":2,"name":"Solutions"}]},{"@type":"WebSite","@id":"https:\/\/friendlyparking.co.il\/#website","url":"https:\/\/friendlyparking.co.il\/","name":"Friendly Parking","description":"Customized Automatic Parking","publisher":{"@id":"https:\/\/friendlyparking.co.il\/#organization"},"potentialAction":[{"@type":"SearchAction","target":{"@type":"EntryPoint","urlTemplate":"https:\/\/friendlyparking.co.il\/?s={search_term_string}"},"query-input":{"@type":"PropertyValueSpecification","valueRequired":true,"valueName":"search_term_string"}}],"inLanguage":"fr-FR"},{"@type":"Organization","@id":"https:\/\/friendlyparking.co.il\/#organization","name":"Friendly Parking","url":"https:\/\/friendlyparking.co.il\/","logo":{"@type":"ImageObject","inLanguage":"fr-FR","@id":"https:\/\/friendlyparking.co.il\/#\/schema\/logo\/image\/","url":"https:\/\/friendlyparking.co.il\/wp-content\/uploads\/2022\/06\/Logo@2x.png","contentUrl":"https:\/\/friendlyparking.co.il\/wp-content\/uploads\/2022\/06\/Logo@2x.png","width":355,"height":91,"caption":"Friendly Parking"},"image":{"@id":"https:\/\/friendlyparking.co.il\/#\/schema\/logo\/image\/"}}]}},"_links":{"self":[{"href":"https:\/\/friendlyparking.co.il\/fr\/wp-json\/wp\/v2\/pages\/1571","targetHints":{"allow":["GET"]}}],"collection":[{"href":"https:\/\/friendlyparking.co.il\/fr\/wp-json\/wp\/v2\/pages"}],"about":[{"href":"https:\/\/friendlyparking.co.il\/fr\/wp-json\/wp\/v2\/types\/page"}],"author":[{"embeddable":true,"href":"https:\/\/friendlyparking.co.il\/fr\/wp-json\/wp\/v2\/users\/2"}],"replies":[{"embeddable":true,"href":"https:\/\/friendlyparking.co.il\/fr\/wp-json\/wp\/v2\/comments?post=1571"}],"version-history":[{"count":0,"href":"https:\/\/friendlyparking.co.il\/fr\/wp-json\/wp\/v2\/pages\/1571\/revisions"}],"wp:attachment":[{"href":"https:\/\/friendlyparking.co.il\/fr\/wp-json\/wp\/v2\/media?parent=1571"}],"curies":[{"name":"wp","href":"https:\/\/api.w.org\/{rel}","templated":true}]}}